{"id":744,"date":"2025-08-06T04:19:15","date_gmt":"2025-08-06T04:19:15","guid":{"rendered":"https:\/\/yeasunfurnace.com\/?post_type=product&#038;p=744"},"modified":"2025-08-07T07:50:37","modified_gmt":"2025-08-07T07:50:37","slug":"tiegelofen-ys-c01","status":"publish","type":"product","link":"https:\/\/yeasunfurnace.com\/de\/product\/tiegelofen-ys-c01\/","title":{"rendered":"Elektrischer Kipptiegelofen YS-C01"},"content":{"rendered":"<h3 data-start=\"471\" data-end=\"490\">Wesentliche Merkmale<\/h3>\n<p data-start=\"492\" data-end=\"695\"><strong data-start=\"492\" data-end=\"523\">1. Elektrische Heizoptionen<\/strong><br data-start=\"523\" data-end=\"526\" \/>Der Ofen wird mit Strom betrieben und unterst\u00fctzt sowohl <strong data-start=\"576\" data-end=\"598\">Widerstandsheizung<\/strong> und <strong data-start=\"603\" data-end=\"624\">Induktionserw\u00e4rmung<\/strong> Optionen zur Erf\u00fcllung unterschiedlicher Prozessanforderungen und Energiepr\u00e4ferenzen.<\/p>\n<p data-start=\"697\" data-end=\"912\"><strong data-start=\"697\" data-end=\"736\">2. Ideal f\u00fcr den Einsatz mehrerer Legierungen<\/strong><br data-start=\"736\" data-end=\"739\" \/>Perfekt geeignet f\u00fcr Druckgusswerkst\u00e4tten, die schmelzen <strong data-start=\"792\" data-end=\"830\">mehrere Sorten von Aluminiumlegierungen<\/strong>und bietet Flexibilit\u00e4t beim Materialwechsel, ohne die Schmelzqualit\u00e4t zu beeintr\u00e4chtigen.<\/p>\n<p data-start=\"914\" data-end=\"1189\"><strong data-start=\"914\" data-end=\"953\">3. Hohe Automatisierung und einfache Bedienung<\/strong><br data-start=\"953\" data-end=\"956\" \/>Der Ofen verf\u00fcgt \u00fcber eine <strong data-start=\"979\" data-end=\"1008\">hoher Grad an Automatisierung<\/strong>mit benutzerfreundlichen Bedienelementen, die den Betrieb vereinfachen. <strong data-start=\"1063\" data-end=\"1093\">Entschlackung und Entgasung<\/strong> k\u00f6nnen einfach und effizient durchgef\u00fchrt werden, was die Zuverl\u00e4ssigkeit und Sauberkeit des gesamten Prozesses verbessert.<\/p>","protected":false},"excerpt":{"rendered":"<p data-start=\"89\" data-end=\"162\"><strong data-start=\"89\" data-end=\"162\">Optimiert f\u00fcr zentrales Schmelzen von Aluminiumlegierungen in Gie\u00dfereien<\/strong><\/p>\n<p data-start=\"164\" data-end=\"464\">Die <strong data-start=\"168\" data-end=\"205\">Elektrischer Kipptiegelofen<\/strong> ist speziell f\u00fcr das zentralisierte Schmelzen von Aluminiumwerkstoffen in Gie\u00dfereien f\u00fcr Aluminiumlegierungen konzipiert. Es ist besonders geeignet f\u00fcr <strong data-start=\"350\" data-end=\"369\">Schwerkraftguss<\/strong> und <strong data-start=\"374\" data-end=\"399\">Druckgusswerkst\u00e4tten<\/strong> die Aluminiumbarren verschiedener Qualit\u00e4ten und Zusammensetzungen verwenden.<\/p>\n<p>&nbsp;<\/p>\n<table>\n<thead>\n<tr>\n<th>Modell<\/th>\n<th>Schmelzleistung (kg\/h)<\/th>\n<th>Heizleistung (kW)<\/th>\n<th>Aluminium Fassungsverm\u00f6gen (kg)<\/th>\n<th>Abmessungen (mm)<\/th>\n<\/tr>\n<\/thead>\n<tbody>\n<tr>\n<td>YS-C01-350KG<\/td>\n<td>120<\/td>\n<td>75<\/td>\n<td>350<\/td>\n<td>1450 \u00d7 1200<\/td>\n<\/tr>\n<tr>\n<td>YS-C01-500KG<\/td>\n<td>150<\/td>\n<td>90<\/td>\n<td>500<\/td>\n<td>1550 \u00d7 1300<\/td>\n<\/tr>\n<tr>\n<td>YS-C01-600KG<\/td>\n<td>180<\/td>\n<td>110<\/td>\n<td>600<\/td>\n<td>1650 \u00d7 1350<\/td>\n<\/tr>\n<tr>\n<td>YS-C01-800KG<\/td>\n<td>210<\/td>\n<td>130<\/td>\n<td>800<\/td>\n<td>1750 \u00d7 1400<\/td>\n<\/tr>\n<\/tbody>\n<\/table>","protected":false},"featured_media":661,"comment_status":"open","ping_status":"closed","template":"","meta":[],"product_brand":[],"product_cat":[45],"product_tag":[],"class_list":{"0":"post-744","1":"product","2":"type-product","3":"status-publish","4":"has-post-thumbnail","6":"product_cat-crucible-furnace","8":"first","9":"instock","10":"shipping-taxable","11":"product-type-simple"},"_links":{"self":[{"href":"https:\/\/yeasunfurnace.com\/de\/wp-json\/wp\/v2\/product\/744","targetHints":{"allow":["GET"]}}],"collection":[{"href":"https:\/\/yeasunfurnace.com\/de\/wp-json\/wp\/v2\/product"}],"about":[{"href":"https:\/\/yeasunfurnace.com\/de\/wp-json\/wp\/v2\/types\/product"}],"replies":[{"embeddable":true,"href":"https:\/\/yeasunfurnace.com\/de\/wp-json\/wp\/v2\/comments?post=744"}],"wp:featuredmedia":[{"embeddable":true,"href":"https:\/\/yeasunfurnace.com\/de\/wp-json\/wp\/v2\/media\/661"}],"wp:attachment":[{"href":"https:\/\/yeasunfurnace.com\/de\/wp-json\/wp\/v2\/media?parent=744"}],"wp:term":[{"taxonomy":"product_brand","embeddable":true,"href":"https:\/\/yeasunfurnace.com\/de\/wp-json\/wp\/v2\/product_brand?post=744"},{"taxonomy":"product_cat","embeddable":true,"href":"https:\/\/yeasunfurnace.com\/de\/wp-json\/wp\/v2\/product_cat?post=744"},{"taxonomy":"product_tag","embeddable":true,"href":"https:\/\/yeasunfurnace.com\/de\/wp-json\/wp\/v2\/product_tag?post=744"}],"curies":[{"name":"wp","href":"https:\/\/api.w.org\/{rel}","templated":true}]}}