{"id":851,"date":"2025-08-07T08:24:19","date_gmt":"2025-08-07T08:24:19","guid":{"rendered":"https:\/\/yeasunfurnace.com\/?post_type=product&#038;p=851"},"modified":"2025-12-11T09:43:31","modified_gmt":"2025-12-11T09:43:31","slug":"gasbefeuerter-stationarer-tiegelofen-ys-c04","status":"publish","type":"product","link":"https:\/\/yeasunfurnace.com\/de\/product\/gasbefeuerter-stationarer-tiegelofen-ys-c04\/","title":{"rendered":"Gasbefeuerter station\u00e4rer Tiegelofen YS-C04"},"content":{"rendered":"<h3 data-start=\"872\" data-end=\"892\"><strong data-start=\"876\" data-end=\"892\">Wesentliche Merkmale<\/strong><\/h3>\n<p data-start=\"894\" data-end=\"1068\">\ud83d\udd39 <strong data-start=\"897\" data-end=\"930\">Fortschrittliche Isolationsstruktur<\/strong><br data-start=\"930\" data-end=\"933\" \/>Hochtonerdehaltige feuerfeste Steine und eine Auskleidung aus Faserplatten in Kombination mit einer Nano-Isolierung sorgen f\u00fcr eine hervorragende W\u00e4rmespeicherung und schnelle Erw\u00e4rmung.<\/p>\n<p data-start=\"1070\" data-end=\"1232\">\ud83d\udd39 <strong data-start=\"1073\" data-end=\"1098\">Modulares Brennerdesign<\/strong><br data-start=\"1098\" data-end=\"1101\" \/>Die getrennte Verbrennungseinheit verl\u00e4ngert die Lebensdauer des Brenners, gew\u00e4hrleistet eine stabile Verbrennung und unterst\u00fctzt einen umweltfreundlichen, kohlenstoffarmen Betrieb.<\/p>\n<p data-start=\"1234\" data-end=\"1400\">\ud83d\udd39 <strong data-start=\"1237\" data-end=\"1277\">Eingebauter regenerativer W\u00e4rmetauscher<\/strong><br data-start=\"1277\" data-end=\"1280\" \/>Recycelt Abw\u00e4rme, um die Energieeffizienz zu verbessern und den Gasverbrauch zu senken - verl\u00e4ngert die Lebensdauer des Brenners und minimiert die Emissionen.<\/p>\n<p data-start=\"1402\" data-end=\"1581\">\ud83d\udd39 <strong data-start=\"1405\" data-end=\"1437\">Genaue Temperaturkontrolle<\/strong><br data-start=\"1437\" data-end=\"1440\" \/>Ausgestattet mit einem Hochdruckgebl\u00e4se mit variabler Frequenz und einem doppelten Temperaturkontrollsystem f\u00fcr ein pr\u00e4zises Temperaturmanagement der Aluminiumschmelze.<\/p>\n<p data-start=\"1583\" data-end=\"1721\">\ud83d\udd39 <strong data-start=\"1586\" data-end=\"1616\">Optimierter Verbrennungswinkel<\/strong><br data-start=\"1616\" data-end=\"1619\" \/>Die verbesserte Brennerpositionierung verringert den W\u00e4rmeverlust und verbessert die Temperaturgleichm\u00e4\u00dfigkeit in der Haltezone.<\/p>\n<p data-start=\"1723\" data-end=\"1897\">\ud83d\udd39 <strong data-start=\"1726\" data-end=\"1754\">Vergr\u00f6\u00dferte Haltekammer<\/strong><br data-start=\"1754\" data-end=\"1757\" \/>Ein gr\u00f6\u00dferes Innenvolumen erh\u00f6ht die Strahlungsw\u00e4rmeleistung und den thermischen Wirkungsgrad, was zu niedrigeren Brennstoffkosten und geringerem Metallverbrennungsverlust f\u00fchrt.<\/p>\n<p data-start=\"1899\" data-end=\"2042\">\ud83d\udd39 <strong data-start=\"1902\" data-end=\"1939\">Mehrere Energiequellen werden unterst\u00fctzt<\/strong><br data-start=\"1939\" data-end=\"1942\" \/>Kompatibel mit Erdgas und Fl\u00fcssiggas (LPG), um verschiedene Kundenanforderungen zu erf\u00fcllen.<\/p>\n<p data-start=\"1899\" data-end=\"2042\"><strong>Energiesparender Gasofen vs. Elektroofen vs. Traditioneller Gasofen<\/strong><\/p>\n<table>\n<thead>\n<tr>\n<th>Typ des Ofens<\/th>\n<th>Energiequelle<\/th>\n<th>Energieverbrauch pro Tonne Aluminium<\/th>\n<th>Angenommener Energie-Einheitspreis<\/th>\n<th>Energiekosten pro Tonne Aluminium<\/th>\n<th>Verh\u00e4ltnis der Energieeinsparung<\/th>\n<th>J\u00e4hrliche Kosteneinsparungen<\/th>\n<\/tr>\n<\/thead>\n<tbody>\n<tr>\n<td>Energiesparender Gasofen<\/td>\n<td>Erdgas in Rohrleitungen \/ Flaschengas<\/td>\n<td>70-80 m\u00b3 Gas\/Tonne Aluminium<\/td>\n<td>\u00a54 \/ m\u00b3<\/td>\n<td>\u00a5280 \/ Tonne<\/td>\n<td>-<\/td>\n<td>-<\/td>\n<\/tr>\n<tr>\n<td>Elektrischer Widerstandsofen<\/td>\n<td>Elektrizit\u00e4t<\/td>\n<td>500-600 kWh \/ Tonne Aluminium<\/td>\n<td>Erm\u00e4\u00dfigter Preis \u00a50,8 \/ kWh<\/td>\n<td>\u00a5400-480 \/ Tonne<\/td>\n<td>30%-40%<\/td>\n<td>\u00a580.000-100.000\/Jahr<\/td>\n<\/tr>\n<tr>\n<td>Traditioneller Gasofen<\/td>\n<td>Erdgas in Rohrleitungen \/ Flaschengas<\/td>\n<td>110-120 m\u00b3 Gas\/Tonne Aluminium<\/td>\n<td>\u00a54 \/ m\u00b3<\/td>\n<td>\u00a5440 \/ Tonne<\/td>\n<td>30%-35%<\/td>\n<td>\u00a550.000-60.000\/Jahr<\/td>\n<\/tr>\n<\/tbody>\n<\/table>\n<p>&nbsp;<\/p>\n<p data-start=\"35\" data-end=\"91\"><strong>Elektrischer Aluminiumschmelzofen Spezifikationen<\/strong><\/p>\n<div class=\"_tableContainer_16hzy_1\">\n<div class=\"_tableWrapper_16hzy_14 group flex w-fit flex-col-reverse\" tabindex=\"-1\">\n<table class=\"w-fit min-w-(--thread-content-width)\" data-start=\"93\" data-end=\"2015\">\n<thead data-start=\"93\" data-end=\"284\">\n<tr data-start=\"93\" data-end=\"284\">\n<th data-start=\"93\" data-end=\"109\" data-col-size=\"sm\">Modell<\/th>\n<th data-start=\"109\" data-end=\"132\" data-col-size=\"sm\">Schmelzleistung<\/th>\n<th data-start=\"132\" data-end=\"146\" data-col-size=\"sm\">Strom<\/th>\n<th data-start=\"146\" data-end=\"177\" data-col-size=\"sm\">Konfiguration des Stromkabels<\/th>\n<th data-start=\"177\" data-end=\"213\" data-col-size=\"sm\">Gr\u00f6\u00dfe des Tiegels (Durchmesser \u00d7 H\u00f6he)<\/th>\n<th data-start=\"213\" data-end=\"248\" data-col-size=\"sm\">Gr\u00f6\u00dfe des Ofens (Durchmesser \u00d7 H\u00f6he)<\/th>\n<th data-start=\"248\" data-end=\"284\" data-col-size=\"sm\">Geeignet f\u00fcr Druckgie\u00dfmaschinen<\/th>\n<\/tr>\n<\/thead>\n<tbody data-start=\"480\" data-end=\"2015\">\n<tr data-start=\"480\" data-end=\"671\">\n<td data-start=\"480\" data-end=\"496\" data-col-size=\"sm\">YS-C04-300Kg<\/td>\n<td data-start=\"496\" data-end=\"519\" data-col-size=\"sm\">70-80 kg\/H<\/td>\n<td data-start=\"519\" data-end=\"533\" data-col-size=\"sm\">230 Kw<\/td>\n<td data-start=\"533\" data-end=\"564\" data-col-size=\"sm\">35M\u00b3 \u00d7 3 \u00d7 5m<\/td>\n<td data-start=\"564\" data-end=\"599\" data-col-size=\"sm\">\u03a6650 \u00d7 H650 mm<\/td>\n<td data-start=\"599\" data-end=\"634\" data-col-size=\"sm\">\u03a61400 \u00d7 H1050 mm<\/td>\n<td data-start=\"634\" data-end=\"671\" data-col-size=\"sm\">200-250T<\/td>\n<\/tr>\n<tr data-start=\"672\" data-end=\"863\">\n<td data-start=\"672\" data-end=\"688\" data-col-size=\"sm\">YS-C04-400Kg<\/td>\n<td data-start=\"688\" data-end=\"711\" data-col-size=\"sm\">100-120 kg\/H<\/td>\n<td data-start=\"711\" data-end=\"725\" data-col-size=\"sm\">230 Kw<\/td>\n<td data-start=\"725\" data-end=\"756\" data-col-size=\"sm\">50M\u00b3 \u00d7 3 \u00d7 5m<\/td>\n<td data-start=\"756\" data-end=\"791\" data-col-size=\"sm\">\u03a6715 \u00d7 H700 mm<\/td>\n<td data-start=\"791\" data-end=\"826\" data-col-size=\"sm\">\u03a61450 \u00d7 H1080 mm<\/td>\n<td data-start=\"826\" data-end=\"863\" data-col-size=\"sm\">280-300T<\/td>\n<\/tr>\n<tr data-start=\"864\" data-end=\"1055\">\n<td data-start=\"864\" data-end=\"880\" data-col-size=\"sm\">YS-C04-500Kg<\/td>\n<td data-start=\"880\" data-end=\"903\" data-col-size=\"sm\">130-150 kg\/H<\/td>\n<td data-start=\"903\" data-end=\"917\" data-col-size=\"sm\">320 Kw<\/td>\n<td data-start=\"917\" data-end=\"948\" data-col-size=\"sm\">50M\u00b3 \u00d7 3 \u00d7 5m<\/td>\n<td data-start=\"948\" data-end=\"983\" data-col-size=\"sm\">\u03a6780 \u00d7 H750 mm<\/td>\n<td data-start=\"983\" data-end=\"1018\" data-col-size=\"sm\">\u03a61500 \u00d7 H1150 mm<\/td>\n<td data-start=\"1018\" data-end=\"1055\" data-col-size=\"sm\">350-400T<\/td>\n<\/tr>\n<tr data-start=\"1056\" data-end=\"1247\">\n<td data-start=\"1056\" data-end=\"1072\" data-col-size=\"sm\">YS-C04-600Kg<\/td>\n<td data-start=\"1072\" data-end=\"1095\" data-col-size=\"sm\">160-180 kg\/H<\/td>\n<td data-start=\"1095\" data-end=\"1109\" data-col-size=\"sm\">320 Kw<\/td>\n<td data-start=\"1109\" data-end=\"1140\" data-col-size=\"sm\">70M\u00b3 \u00d7 3 \u00d7 5m<\/td>\n<td data-start=\"1140\" data-end=\"1175\" data-col-size=\"sm\">\u03a6780 \u00d7 H900 mm<\/td>\n<td data-start=\"1175\" data-end=\"1210\" data-col-size=\"sm\">\u03a61500 \u00d7 H1300 mm<\/td>\n<td data-start=\"1210\" data-end=\"1247\" data-col-size=\"sm\">500T<\/td>\n<\/tr>\n<tr data-start=\"1248\" data-end=\"1439\">\n<td data-start=\"1248\" data-end=\"1264\" data-col-size=\"sm\">YS-C04-700Kg<\/td>\n<td data-start=\"1264\" data-end=\"1287\" data-col-size=\"sm\">200-220 kg\/H<\/td>\n<td data-start=\"1287\" data-end=\"1301\" data-col-size=\"sm\">320 Kw<\/td>\n<td data-start=\"1301\" data-end=\"1332\" data-col-size=\"sm\">95M\u00b3 \u00d7 3 \u00d7 5m<\/td>\n<td data-start=\"1332\" data-end=\"1367\" data-col-size=\"sm\">\u03a6880 \u00d7 H880 mm<\/td>\n<td data-start=\"1367\" data-end=\"1402\" data-col-size=\"sm\">\u03a61650 \u00d7 H1300 mm<\/td>\n<td data-start=\"1402\" data-end=\"1439\" data-col-size=\"sm\">500-650T<\/td>\n<\/tr>\n<tr data-start=\"1440\" data-end=\"1631\">\n<td data-start=\"1440\" data-end=\"1456\" data-col-size=\"sm\">YS-C04-800Kg<\/td>\n<td data-start=\"1456\" data-end=\"1479\" data-col-size=\"sm\">230-250 kg\/H<\/td>\n<td data-start=\"1479\" data-end=\"1493\" data-col-size=\"sm\">450 Kw<\/td>\n<td data-start=\"1493\" data-end=\"1524\" data-col-size=\"sm\">95M\u00b3 \u00d7 3 \u00d7 5m<\/td>\n<td data-start=\"1524\" data-end=\"1559\" data-col-size=\"sm\">\u03a6880 \u00d7 H1000 mm<\/td>\n<td data-start=\"1559\" data-end=\"1594\" data-col-size=\"sm\">\u03a61650 \u00d7 H1400 mm<\/td>\n<td data-start=\"1594\" data-end=\"1631\" data-col-size=\"sm\">800T<\/td>\n<\/tr>\n<tr data-start=\"1632\" data-end=\"1823\">\n<td data-start=\"1632\" data-end=\"1648\" data-col-size=\"sm\">YS-C04-1000Kg<\/td>\n<td data-start=\"1648\" data-end=\"1671\" data-col-size=\"sm\">280-300 kg\/H<\/td>\n<td data-start=\"1671\" data-end=\"1685\" data-col-size=\"sm\">450 Kw<\/td>\n<td data-start=\"1685\" data-end=\"1716\" data-col-size=\"sm\">95M\u00b3 \u00d7 3 \u00d7 5m<\/td>\n<td data-start=\"1716\" data-end=\"1751\" data-col-size=\"sm\">\u03a61040 \u00d7 H830 mm<\/td>\n<td data-start=\"1751\" data-end=\"1786\" data-col-size=\"sm\">\u03a61780 \u00d7 H1400 mm<\/td>\n<td data-start=\"1786\" data-end=\"1823\" data-col-size=\"sm\">1000T<\/td>\n<\/tr>\n<tr data-start=\"1824\" data-end=\"2015\">\n<td data-start=\"1824\" data-end=\"1840\" data-col-size=\"sm\">YS-C04-1200Kg<\/td>\n<td data-start=\"1840\" data-end=\"1863\" data-col-size=\"sm\">320-350 kg\/H<\/td>\n<td data-start=\"1863\" data-end=\"1877\" data-col-size=\"sm\">550 Kw<\/td>\n<td data-start=\"1877\" data-end=\"1908\" data-col-size=\"sm\">120M\u00b3 \u00d7 3 \u00d7 5m<\/td>\n<td data-start=\"1908\" data-end=\"1943\" data-col-size=\"sm\">\u03a61040 \u00d7 H1000 mm<\/td>\n<td data-start=\"1943\" data-end=\"1978\" data-col-size=\"sm\">\u03a61750 \u00d7 H1500 mm<\/td>\n<td data-start=\"1978\" data-end=\"2015\" data-col-size=\"sm\">1000-1250T<\/td>\n<\/tr>\n<\/tbody>\n<\/table>\n<\/div>\n<\/div>\n<p>&nbsp;<\/p>","protected":false},"excerpt":{"rendered":"<p data-start=\"209\" data-end=\"268\"><strong data-start=\"209\" data-end=\"268\">Effizient. Zuverl\u00e4ssig. Ma\u00dfgeschneidert f\u00fcr Druckgie\u00dfanlagen.<\/strong><\/p>\n<p data-start=\"270\" data-end=\"544\">Unser energiesparender Gas-Tiegelschmelzofen ist speziell f\u00fcr Aluminiumschmelzanwendungen, insbesondere in Verbindung mit Druckgussmaschinen, konzipiert. Er ist mit einem integrierten regenerativen W\u00e4rmetauscher ausgestattet, der thermische Energie zur\u00fcckgewinnt und so den Brennstoffverbrauch und die Betriebskosten erheblich senkt.<\/p>\n<p data-start=\"546\" data-end=\"865\">Das Verbrennungssystem ist modular aufgebaut und vom Brennergeh\u00e4use getrennt, um eine lange Lebensdauer, stabile Leistung und einen zuverl\u00e4ssigen Betrieb zu gew\u00e4hrleisten. Jeder Ofen ist ma\u00dfgeschneidert, um die spezifischen Anforderungen Ihrer Produktion zu erf\u00fcllen, den Oxidationsverlust von Aluminium zu reduzieren und gleichzeitig eine hohe Schmelzqualit\u00e4t und Energieeffizienz zu gew\u00e4hrleisten.<\/p>","protected":false},"featured_media":852,"comment_status":"open","ping_status":"closed","template":"","meta":[],"product_brand":[],"product_cat":[45],"product_tag":[],"class_list":{"0":"post-851","1":"product","2":"type-product","3":"status-publish","4":"has-post-thumbnail","6":"product_cat-crucible-furnace","8":"first","9":"instock","10":"shipping-taxable","11":"product-type-simple"},"_links":{"self":[{"href":"https:\/\/yeasunfurnace.com\/de\/wp-json\/wp\/v2\/product\/851","targetHints":{"allow":["GET"]}}],"collection":[{"href":"https:\/\/yeasunfurnace.com\/de\/wp-json\/wp\/v2\/product"}],"about":[{"href":"https:\/\/yeasunfurnace.com\/de\/wp-json\/wp\/v2\/types\/product"}],"replies":[{"embeddable":true,"href":"https:\/\/yeasunfurnace.com\/de\/wp-json\/wp\/v2\/comments?post=851"}],"wp:featuredmedia":[{"embeddable":true,"href":"https:\/\/yeasunfurnace.com\/de\/wp-json\/wp\/v2\/media\/852"}],"wp:attachment":[{"href":"https:\/\/yeasunfurnace.com\/de\/wp-json\/wp\/v2\/media?parent=851"}],"wp:term":[{"taxonomy":"product_brand","embeddable":true,"href":"https:\/\/yeasunfurnace.com\/de\/wp-json\/wp\/v2\/product_brand?post=851"},{"taxonomy":"product_cat","embeddable":true,"href":"https:\/\/yeasunfurnace.com\/de\/wp-json\/wp\/v2\/product_cat?post=851"},{"taxonomy":"product_tag","embeddable":true,"href":"https:\/\/yeasunfurnace.com\/de\/wp-json\/wp\/v2\/product_tag?post=851"}],"curies":[{"name":"wp","href":"https:\/\/api.w.org\/{rel}","templated":true}]}}