{"id":744,"date":"2025-08-06T04:19:15","date_gmt":"2025-08-06T04:19:15","guid":{"rendered":"https:\/\/yeasunfurnace.com\/?post_type=product&#038;p=744"},"modified":"2025-08-07T07:50:37","modified_gmt":"2025-08-07T07:50:37","slug":"horno-de-crisol-ys-c01","status":"publish","type":"product","link":"https:\/\/yeasunfurnace.com\/es\/product\/horno-de-crisol-ys-c01\/","title":{"rendered":"Horno el\u00e9ctrico basculante de crisol YS-C01"},"content":{"rendered":"<h3 data-start=\"471\" data-end=\"490\">Caracter\u00edsticas principales<\/h3>\n<p data-start=\"492\" data-end=\"695\"><strong data-start=\"492\" data-end=\"523\">1. Opciones de calefacci\u00f3n el\u00e9ctrica<\/strong><br data-start=\"523\" data-end=\"526\" \/>Alimentado por electricidad, el horno admite tanto <strong data-start=\"576\" data-end=\"598\">calefacci\u00f3n por resistencia<\/strong> y <strong data-start=\"603\" data-end=\"624\">calentamiento por inducci\u00f3n<\/strong> opciones para satisfacer diferentes requisitos de proceso y preferencias energ\u00e9ticas.<\/p>\n<p data-start=\"697\" data-end=\"912\"><strong data-start=\"697\" data-end=\"736\">2. Ideal para operaciones multialeaci\u00f3n<\/strong><br data-start=\"736\" data-end=\"739\" \/>Perfecto para talleres de fundici\u00f3n a presi\u00f3n que funden <strong data-start=\"792\" data-end=\"830\">m\u00faltiples grados de aleaciones de aluminio<\/strong>que ofrece flexibilidad en el cambio de material sin comprometer la calidad de la fusi\u00f3n.<\/p>\n<p data-start=\"914\" data-end=\"1189\"><strong data-start=\"914\" data-end=\"953\">3. Alta automatizaci\u00f3n y f\u00e1cil manejo<\/strong><br data-start=\"953\" data-end=\"956\" \/>El horno dispone de un <strong data-start=\"979\" data-end=\"1008\">alto grado de automatizaci\u00f3n<\/strong>, con controles f\u00e1ciles de usar que simplifican el funcionamiento. <strong data-start=\"1063\" data-end=\"1093\">Eliminaci\u00f3n de escorias y desgasificaci\u00f3n<\/strong> puede realizarse de forma f\u00e1cil y eficaz, mejorando la fiabilidad y limpieza generales del proceso.<\/p>","protected":false},"excerpt":{"rendered":"<p data-start=\"89\" data-end=\"162\"><strong data-start=\"89\" data-end=\"162\">Optimizado para la fusi\u00f3n centralizada de aleaciones de aluminio en talleres de fundici\u00f3n<\/strong><\/p>\n<p data-start=\"164\" data-end=\"464\">En <strong data-start=\"168\" data-end=\"205\">Horno de crisol el\u00e9ctrico basculante<\/strong> est\u00e1 dise\u00f1ado espec\u00edficamente para la fusi\u00f3n centralizada de materiales de aluminio en talleres de fundici\u00f3n de aleaciones de aluminio. Es especialmente adecuado para <strong data-start=\"350\" data-end=\"369\">fundici\u00f3n por gravedad<\/strong> y <strong data-start=\"374\" data-end=\"399\">talleres de fundici\u00f3n a presi\u00f3n<\/strong> que utilizan lingotes de aluminio de diversas calidades y composiciones.<\/p>\n<p>&nbsp;<\/p>\n<table>\n<thead>\n<tr>\n<th>Modelo<\/th>\n<th>Capacidad de fusi\u00f3n (kg\/h)<\/th>\n<th>Potencia de calefacci\u00f3n (kW)<\/th>\n<th>Aluminio Capacidad (kg)<\/th>\n<th>Dimensiones (mm)<\/th>\n<\/tr>\n<\/thead>\n<tbody>\n<tr>\n<td>YS-C01-350KG<\/td>\n<td>120<\/td>\n<td>75<\/td>\n<td>350<\/td>\n<td>1450 \u00d7 1200<\/td>\n<\/tr>\n<tr>\n<td>YS-C01-500KG<\/td>\n<td>150<\/td>\n<td>90<\/td>\n<td>500<\/td>\n<td>1550 \u00d7 1300<\/td>\n<\/tr>\n<tr>\n<td>YS-C01-600KG<\/td>\n<td>180<\/td>\n<td>110<\/td>\n<td>600<\/td>\n<td>1650 \u00d7 1350<\/td>\n<\/tr>\n<tr>\n<td>YS-C01-800KG<\/td>\n<td>210<\/td>\n<td>130<\/td>\n<td>800<\/td>\n<td>1750 \u00d7 1400<\/td>\n<\/tr>\n<\/tbody>\n<\/table>","protected":false},"featured_media":661,"comment_status":"open","ping_status":"closed","template":"","meta":[],"product_brand":[],"product_cat":[45],"product_tag":[],"class_list":{"0":"post-744","1":"product","2":"type-product","3":"status-publish","4":"has-post-thumbnail","6":"product_cat-crucible-furnace","8":"first","9":"instock","10":"shipping-taxable","11":"product-type-simple"},"_links":{"self":[{"href":"https:\/\/yeasunfurnace.com\/es\/wp-json\/wp\/v2\/product\/744","targetHints":{"allow":["GET"]}}],"collection":[{"href":"https:\/\/yeasunfurnace.com\/es\/wp-json\/wp\/v2\/product"}],"about":[{"href":"https:\/\/yeasunfurnace.com\/es\/wp-json\/wp\/v2\/types\/product"}],"replies":[{"embeddable":true,"href":"https:\/\/yeasunfurnace.com\/es\/wp-json\/wp\/v2\/comments?post=744"}],"wp:featuredmedia":[{"embeddable":true,"href":"https:\/\/yeasunfurnace.com\/es\/wp-json\/wp\/v2\/media\/661"}],"wp:attachment":[{"href":"https:\/\/yeasunfurnace.com\/es\/wp-json\/wp\/v2\/media?parent=744"}],"wp:term":[{"taxonomy":"product_brand","embeddable":true,"href":"https:\/\/yeasunfurnace.com\/es\/wp-json\/wp\/v2\/product_brand?post=744"},{"taxonomy":"product_cat","embeddable":true,"href":"https:\/\/yeasunfurnace.com\/es\/wp-json\/wp\/v2\/product_cat?post=744"},{"taxonomy":"product_tag","embeddable":true,"href":"https:\/\/yeasunfurnace.com\/es\/wp-json\/wp\/v2\/product_tag?post=744"}],"curies":[{"name":"wp","href":"https:\/\/api.w.org\/{rel}","templated":true}]}}