{"id":811,"date":"2025-08-06T09:26:44","date_gmt":"2025-08-06T09:26:44","guid":{"rendered":"https:\/\/yeasunfurnace.com\/?post_type=product&#038;p=811"},"modified":"2025-08-06T13:59:47","modified_gmt":"2025-08-06T13:59:47","slug":"horno-de-crisol-de-gas-basculante-ys-c02","status":"publish","type":"product","link":"https:\/\/yeasunfurnace.com\/es\/product\/horno-de-crisol-de-gas-basculante-ys-c02\/","title":{"rendered":"Horno de crisol de gas basculante YS-C02"},"content":{"rendered":"<h3 data-start=\"998\" data-end=\"1017\">Caracter\u00edsticas principales<\/h3>\n<p data-start=\"1019\" data-end=\"1195\"><strong data-start=\"1019\" data-end=\"1047\">1. M\u00faltiples opciones de combustible<\/strong><br data-start=\"1047\" data-end=\"1050\" \/>Compatible con una amplia gama de fuentes de combustible, como gas natural, gas licuado de petr\u00f3leo (GLP), gas de hulla, gas\u00f3leo y pellets de biomasa.<\/p>\n<p data-start=\"1197\" data-end=\"1389\"><strong data-start=\"1197\" data-end=\"1229\">2. Ideal para uso con varias aleaciones<\/strong><br data-start=\"1229\" data-end=\"1232\" \/>Perfectamente adecuado para operaciones de fundici\u00f3n a presi\u00f3n en las que intervienen m\u00faltiples grados de aleaciones de aluminio, permitiendo un cambio eficiente sin comprometer la calidad de la masa fundida.<\/p>\n<p data-start=\"1391\" data-end=\"1601\"><strong data-start=\"1391\" data-end=\"1432\">3. Alta automatizaci\u00f3n y f\u00e1cil mantenimiento<\/strong><br data-start=\"1432\" data-end=\"1435\" \/>Presenta un alto grado de automatizaci\u00f3n y un dise\u00f1o de f\u00e1cil manejo. Los procesos de eliminaci\u00f3n de escoria y desgasificaci\u00f3n son sencillos y seguros, lo que mejora la eficiencia operativa.<\/p>\n<hr data-start=\"1603\" data-end=\"1606\" \/>\n<h3 data-start=\"1608\" data-end=\"1636\">\u2705 Las ventajas de un vistazo<\/h3>\n<ul data-start=\"1638\" data-end=\"1887\">\n<li data-start=\"1638\" data-end=\"1698\">\n<p data-start=\"1640\" data-end=\"1698\">Alto rendimiento t\u00e9rmico con un dise\u00f1o de combusti\u00f3n optimizado<\/p>\n<\/li>\n<li data-start=\"1699\" data-end=\"1728\">\n<p data-start=\"1701\" data-end=\"1728\">Reducci\u00f3n de la quema de aluminio<\/p>\n<\/li>\n<li data-start=\"1729\" data-end=\"1772\">\n<p data-start=\"1731\" data-end=\"1772\">Larga vida \u00fatil y estructura duradera<\/p>\n<\/li>\n<li data-start=\"1773\" data-end=\"1814\">\n<p data-start=\"1775\" data-end=\"1814\">Menores costes operativos y de inversi\u00f3n<\/p>\n<\/li>\n<li data-start=\"1815\" data-end=\"1887\">\n<p data-start=\"1817\" data-end=\"1887\">Tecnolog\u00eda avanzada de ahorro de energ\u00eda respaldada por una experiencia l\u00edder en el sector<\/p>\n<\/li>\n<\/ul>\n<p>&nbsp;<\/p>\n<table>\n<thead>\n<tr>\n<th>Modelo<\/th>\n<th>Capacidad de fusi\u00f3n (kg\/h)<\/th>\n<th>Aluminio Capacidad de carga (kg)<\/th>\n<th>Dimensiones (mm)<\/th>\n<\/tr>\n<\/thead>\n<tbody>\n<tr>\n<td>YS-C02-350KG<\/td>\n<td>120<\/td>\n<td>350<\/td>\n<td>\u00d81450 \u00d7 H1100<\/td>\n<\/tr>\n<tr>\n<td>YS-C02-500KG<\/td>\n<td>150<\/td>\n<td>500<\/td>\n<td>\u00d81500 \u00d7 H1250<\/td>\n<\/tr>\n<tr>\n<td>YS-C02-600KG<\/td>\n<td>180<\/td>\n<td>600<\/td>\n<td>\u00d81600 \u00d7 H1300<\/td>\n<\/tr>\n<tr>\n<td>YS-C02-800KG<\/td>\n<td>210<\/td>\n<td>800<\/td>\n<td>\u00d81700 \u00d7 H1350<\/td>\n<\/tr>\n<\/tbody>\n<\/table>","protected":false},"excerpt":{"rendered":"<p data-start=\"170\" data-end=\"496\">El horno de crisol de gas basculante est\u00e1 dise\u00f1ado para la fusi\u00f3n centralizada de aluminio en talleres de fundici\u00f3n a presi\u00f3n de aleaciones de aluminio a peque\u00f1a escala. Este horno ofrece una soluci\u00f3n personalizada, desarrollada para reducir la p\u00e9rdida por oxidaci\u00f3n del aluminio y el consumo de energ\u00eda durante la fusi\u00f3n, manteniendo al mismo tiempo la alta calidad del aluminio fundido.<\/p>\n<p data-start=\"498\" data-end=\"607\">En comparaci\u00f3n con los hornos de fusi\u00f3n centralizados tradicionales, esta unidad introduce dos mejoras estructurales:<\/p>\n<ol data-start=\"609\" data-end=\"781\">\n<li data-start=\"609\" data-end=\"678\">\n<p data-start=\"612\" data-end=\"678\">\u00c1ngulo del quemador de aislamiento optimizado para un mejor control t\u00e9rmico<\/p>\n<\/li>\n<li data-start=\"679\" data-end=\"781\">\n<p data-start=\"682\" data-end=\"781\">C\u00e1mara de aislamiento ampliada para mejorar la calefacci\u00f3n radiante y maximizar el aprovechamiento del calor de combusti\u00f3n<\/p>\n<\/li>\n<\/ol>\n<p data-start=\"783\" data-end=\"991\">Estas optimizaciones de dise\u00f1o contribuyen a una mayor eficiencia t\u00e9rmica, una menor p\u00e9rdida de masa fundida, una mayor vida \u00fatil y menores costes de inversi\u00f3n, lo que la convierte en una opci\u00f3n ideal para las fundiciones preocupadas por el consumo de energ\u00eda.<\/p>","protected":false},"featured_media":812,"comment_status":"open","ping_status":"closed","template":"","meta":[],"product_brand":[],"product_cat":[45],"product_tag":[],"class_list":{"0":"post-811","1":"product","2":"type-product","3":"status-publish","4":"has-post-thumbnail","6":"product_cat-crucible-furnace","8":"first","9":"instock","10":"shipping-taxable","11":"product-type-simple"},"_links":{"self":[{"href":"https:\/\/yeasunfurnace.com\/es\/wp-json\/wp\/v2\/product\/811","targetHints":{"allow":["GET"]}}],"collection":[{"href":"https:\/\/yeasunfurnace.com\/es\/wp-json\/wp\/v2\/product"}],"about":[{"href":"https:\/\/yeasunfurnace.com\/es\/wp-json\/wp\/v2\/types\/product"}],"replies":[{"embeddable":true,"href":"https:\/\/yeasunfurnace.com\/es\/wp-json\/wp\/v2\/comments?post=811"}],"wp:featuredmedia":[{"embeddable":true,"href":"https:\/\/yeasunfurnace.com\/es\/wp-json\/wp\/v2\/media\/812"}],"wp:attachment":[{"href":"https:\/\/yeasunfurnace.com\/es\/wp-json\/wp\/v2\/media?parent=811"}],"wp:term":[{"taxonomy":"product_brand","embeddable":true,"href":"https:\/\/yeasunfurnace.com\/es\/wp-json\/wp\/v2\/product_brand?post=811"},{"taxonomy":"product_cat","embeddable":true,"href":"https:\/\/yeasunfurnace.com\/es\/wp-json\/wp\/v2\/product_cat?post=811"},{"taxonomy":"product_tag","embeddable":true,"href":"https:\/\/yeasunfurnace.com\/es\/wp-json\/wp\/v2\/product_tag?post=811"}],"curies":[{"name":"wp","href":"https:\/\/api.w.org\/{rel}","templated":true}]}}