{"id":813,"date":"2025-08-06T09:32:38","date_gmt":"2025-08-06T09:32:38","guid":{"rendered":"https:\/\/yeasunfurnace.com\/?post_type=product&#038;p=813"},"modified":"2025-10-20T11:40:44","modified_gmt":"2025-10-20T11:40:44","slug":"resistencia-aluminio-fundicion-horno-de-crisol-ys-c03","status":"publish","type":"product","link":"https:\/\/yeasunfurnace.com\/es\/product\/resistencia-aluminio-fundicion-horno-de-crisol-ys-c03\/","title":{"rendered":"Horno de crisol para fundici\u00f3n de aluminio de resistencia YS-C03"},"content":{"rendered":"<p data-start=\"457\" data-end=\"678\"><strong data-start=\"457\" data-end=\"485\">1. Opciones de doble crisol<\/strong><br data-start=\"485\" data-end=\"488\" \/>El cuerpo redondo del horno es compatible con dos tipos de crisoles - <strong data-start=\"555\" data-end=\"568\">hierro fundido<\/strong> y <strong data-start=\"573\" data-end=\"594\">grafito importado<\/strong> - ofreciendo a los clientes la flexibilidad de elegir en funci\u00f3n de sus necesidades espec\u00edficas de proceso.<\/p>\n<p data-start=\"680\" data-end=\"882\"><strong data-start=\"680\" data-end=\"711\">2. M\u00faltiples m\u00e9todos de calentamiento<\/strong><br data-start=\"711\" data-end=\"714\" \/>Ofertas <strong data-start=\"721\" data-end=\"741\">calefacci\u00f3n el\u00e9ctrica<\/strong> mediante tubos calefactores o cables de resistencia, lo que permite a los clientes elegir la configuraci\u00f3n que mejor se adapte a sus preferencias energ\u00e9ticas y de control.<\/p>\n<p data-start=\"884\" data-end=\"1064\"><strong data-start=\"884\" data-end=\"918\">3. Aislamiento de alto rendimiento<\/strong><br data-start=\"918\" data-end=\"921\" \/>Construido con <strong data-start=\"940\" data-end=\"954\">refractario<\/strong> y <strong data-start=\"959\" data-end=\"999\">materiales especiales de aislamiento t\u00e9rmico<\/strong>, el horno garantiza una baja p\u00e9rdida de calor y un excelente ahorro de energ\u00eda.<\/p>\n<p data-start=\"1066\" data-end=\"1282\"><strong data-start=\"1066\" data-end=\"1102\">4. F\u00e1cil instalaci\u00f3n y funcionamiento<\/strong><br data-start=\"1102\" data-end=\"1105\" \/>Dise\u00f1ada pensando en la comodidad del usuario, la unidad presenta un proceso de configuraci\u00f3n sencillo y un funcionamiento intuitivo, por lo que resulta adecuada incluso para fundiciones m\u00e1s peque\u00f1as o equipos t\u00e9cnicos b\u00e1sicos.<\/p>\n<p data-start=\"1284\" data-end=\"1487\"><strong data-start=\"1284\" data-end=\"1311\">5. Limpio y ecol\u00f3gico<\/strong><br data-start=\"1311\" data-end=\"1314\" \/>En comparaci\u00f3n con los hornos de combustible tradicionales, el <strong data-start=\"1363\" data-end=\"1390\">sistema de calefacci\u00f3n el\u00e9ctrica<\/strong> reduce significativamente la p\u00e9rdida por oxidaci\u00f3n del aluminio y proporciona un entorno de trabajo m\u00e1s limpio y seguro.<\/p>\n<p data-start=\"1489\" data-end=\"1675\"><strong data-start=\"1489\" data-end=\"1517\">6. Aplicaci\u00f3n vers\u00e1til<\/strong><br data-start=\"1517\" data-end=\"1520\" \/>Optimizado para la integraci\u00f3n con <strong data-start=\"1551\" data-end=\"1588\">m\u00e1quinas de fundici\u00f3n a presi\u00f3n de c\u00e1mara fr\u00eda<\/strong>pero tambi\u00e9n aplicable a <strong data-start=\"1614\" data-end=\"1642\">estaciones centrales de fusi\u00f3n<\/strong> o <strong data-start=\"1646\" data-end=\"1674\">reciclaje de chatarra de aluminio<\/strong>.<\/p>\n<p data-start=\"1677\" data-end=\"1870\"><strong data-start=\"1677\" data-end=\"1713\">7. Protecci\u00f3n del sensor de temperatura<\/strong><br data-start=\"1713\" data-end=\"1716\" \/>Equipado con un <strong data-start=\"1732\" data-end=\"1766\">manguito de protecci\u00f3n del termopar<\/strong> para prolongar la vida \u00fatil de la sonda de temperatura y garantizar un control estable y preciso de la temperatura.<\/p>","protected":false},"excerpt":{"rendered":"<p data-start=\"131\" data-end=\"162\"><strong data-start=\"131\" data-end=\"162\">Eficiente. Limpios. Fiable.<\/strong><\/p>\n<p data-start=\"164\" data-end=\"430\">El horno de fusi\u00f3n de aluminio de resistencia de Yeasun est\u00e1 dise\u00f1ado para proporcionar una fusi\u00f3n estable y energ\u00e9ticamente eficiente de metales no ferrosos, especialmente aluminio. Ideal para su uso con m\u00e1quinas de fundici\u00f3n a presi\u00f3n de c\u00e1mara fr\u00eda, tambi\u00e9n admite operaciones de fusi\u00f3n central y recuperaci\u00f3n de chatarra.<\/p>\n<table>\n<thead>\n<tr>\n<th>Modelo<\/th>\n<th>Capacidad de fusi\u00f3n (kg\/h)<\/th>\n<th>Capacidad de carga (kg)<\/th>\n<th>Potencia (kW)<\/th>\n<th>Dimensiones (mm)<\/th>\n<th>Apto para m\u00e1quina de fundici\u00f3n a presi\u00f3n (T)<\/th>\n<\/tr>\n<\/thead>\n<tbody>\n<tr>\n<td>YS -C-250kg<\/td>\n<td>80<\/td>\n<td>250<\/td>\n<td>50<\/td>\n<td>1300 \u00d7 1050<\/td>\n<td>160-200T<\/td>\n<\/tr>\n<tr>\n<td>YS-C-400kg<\/td>\n<td>100<\/td>\n<td>350<\/td>\n<td>60<\/td>\n<td>1400 \u00d7 1050<\/td>\n<td>250-280T<\/td>\n<\/tr>\n<tr>\n<td>YS-C-500kg<\/td>\n<td>120<\/td>\n<td>500<\/td>\n<td>75<\/td>\n<td>1500 \u00d7 1050<\/td>\n<td>300-350T<\/td>\n<\/tr>\n<tr>\n<td>YS-C-650kg<\/td>\n<td>150<\/td>\n<td>650<\/td>\n<td>90<\/td>\n<td>1600 \u00d7 1100<\/td>\n<td>400-420T<\/td>\n<\/tr>\n<\/tbody>\n<\/table>","protected":false},"featured_media":857,"comment_status":"open","ping_status":"closed","template":"","meta":[],"product_brand":[],"product_cat":[45],"product_tag":[],"class_list":{"0":"post-813","1":"product","2":"type-product","3":"status-publish","4":"has-post-thumbnail","6":"product_cat-crucible-furnace","8":"first","9":"instock","10":"shipping-taxable","11":"product-type-simple"},"_links":{"self":[{"href":"https:\/\/yeasunfurnace.com\/es\/wp-json\/wp\/v2\/product\/813","targetHints":{"allow":["GET"]}}],"collection":[{"href":"https:\/\/yeasunfurnace.com\/es\/wp-json\/wp\/v2\/product"}],"about":[{"href":"https:\/\/yeasunfurnace.com\/es\/wp-json\/wp\/v2\/types\/product"}],"replies":[{"embeddable":true,"href":"https:\/\/yeasunfurnace.com\/es\/wp-json\/wp\/v2\/comments?post=813"}],"wp:featuredmedia":[{"embeddable":true,"href":"https:\/\/yeasunfurnace.com\/es\/wp-json\/wp\/v2\/media\/857"}],"wp:attachment":[{"href":"https:\/\/yeasunfurnace.com\/es\/wp-json\/wp\/v2\/media?parent=813"}],"wp:term":[{"taxonomy":"product_brand","embeddable":true,"href":"https:\/\/yeasunfurnace.com\/es\/wp-json\/wp\/v2\/product_brand?post=813"},{"taxonomy":"product_cat","embeddable":true,"href":"https:\/\/yeasunfurnace.com\/es\/wp-json\/wp\/v2\/product_cat?post=813"},{"taxonomy":"product_tag","embeddable":true,"href":"https:\/\/yeasunfurnace.com\/es\/wp-json\/wp\/v2\/product_tag?post=813"}],"curies":[{"name":"wp","href":"https:\/\/api.w.org\/{rel}","templated":true}]}}