{"id":744,"date":"2025-08-06T04:19:15","date_gmt":"2025-08-06T04:19:15","guid":{"rendered":"https:\/\/yeasunfurnace.com\/?post_type=product&#038;p=744"},"modified":"2025-08-07T07:50:37","modified_gmt":"2025-08-07T07:50:37","slug":"forno-de-cadinho-ys-c01","status":"publish","type":"product","link":"https:\/\/yeasunfurnace.com\/pt\/product\/forno-de-cadinho-ys-c01\/","title":{"rendered":"Forno de cadinho el\u00e9trico basculante YS-C01"},"content":{"rendered":"<h3 data-start=\"471\" data-end=\"490\">Carater\u00edsticas principais<\/h3>\n<p data-start=\"492\" data-end=\"695\"><strong data-start=\"492\" data-end=\"523\">1. Op\u00e7\u00f5es de aquecimento el\u00e9trico<\/strong><br data-start=\"523\" data-end=\"526\" \/>Alimentado por eletricidade, o forno suporta tanto <strong data-start=\"576\" data-end=\"598\">aquecimento por resist\u00eancia<\/strong> e <strong data-start=\"603\" data-end=\"624\">aquecimento por indu\u00e7\u00e3o<\/strong> op\u00e7\u00f5es para satisfazer diferentes requisitos de processo e prefer\u00eancias energ\u00e9ticas.<\/p>\n<p data-start=\"697\" data-end=\"912\"><strong data-start=\"697\" data-end=\"736\">2. Ideal para opera\u00e7\u00f5es com v\u00e1rias ligas<\/strong><br data-start=\"736\" data-end=\"739\" \/>Perfeitamente adequado para oficinas de fundi\u00e7\u00e3o sob press\u00e3o que fundem <strong data-start=\"792\" data-end=\"830\">v\u00e1rios tipos de ligas de alum\u00ednio<\/strong>oferecendo flexibilidade na mudan\u00e7a de material sem comprometer a qualidade da fus\u00e3o.<\/p>\n<p data-start=\"914\" data-end=\"1189\"><strong data-start=\"914\" data-end=\"953\">3. Elevada automatiza\u00e7\u00e3o e f\u00e1cil opera\u00e7\u00e3o<\/strong><br data-start=\"953\" data-end=\"956\" \/>O forno possui um <strong data-start=\"979\" data-end=\"1008\">elevado grau de automatiza\u00e7\u00e3o<\/strong>com controlos f\u00e1ceis de utilizar que simplificam a opera\u00e7\u00e3o. <strong data-start=\"1063\" data-end=\"1093\">Remo\u00e7\u00e3o de esc\u00f3rias e desgaseifica\u00e7\u00e3o<\/strong> podem ser realizadas de forma f\u00e1cil e eficiente, melhorando a fiabilidade e a limpeza globais do processo.<\/p>","protected":false},"excerpt":{"rendered":"<p data-start=\"89\" data-end=\"162\"><strong data-start=\"89\" data-end=\"162\">Optimizado para fus\u00e3o centralizada de ligas de alum\u00ednio em oficinas de fundi\u00e7\u00e3o<\/strong><\/p>\n<p data-start=\"164\" data-end=\"464\">O <strong data-start=\"168\" data-end=\"205\">Forno de cadinho el\u00e9trico basculante<\/strong> \u00e9 especificamente concebido para a fus\u00e3o centralizada de materiais de alum\u00ednio em oficinas de fundi\u00e7\u00e3o de ligas de alum\u00ednio. \u00c9 particularmente adequado para <strong data-start=\"350\" data-end=\"369\">fundi\u00e7\u00e3o por gravidade<\/strong> e <strong data-start=\"374\" data-end=\"399\">oficinas de fundi\u00e7\u00e3o injectada<\/strong> que utilizam lingotes de alum\u00ednio de v\u00e1rias qualidades e composi\u00e7\u00f5es.<\/p>\n<p>&nbsp;<\/p>\n<table>\n<thead>\n<tr>\n<th>Modelo<\/th>\n<th>Capacidade de fus\u00e3o (kg\/h)<\/th>\n<th>Pot\u00eancia de aquecimento (kW)<\/th>\n<th>Alum\u00ednio Capacidade (kg)<\/th>\n<th>Dimens\u00f5es (mm)<\/th>\n<\/tr>\n<\/thead>\n<tbody>\n<tr>\n<td>YS-C01-350KG<\/td>\n<td>120<\/td>\n<td>75<\/td>\n<td>350<\/td>\n<td>1450 \u00d7 1200<\/td>\n<\/tr>\n<tr>\n<td>YS-C01-500KG<\/td>\n<td>150<\/td>\n<td>90<\/td>\n<td>500<\/td>\n<td>1550 \u00d7 1300<\/td>\n<\/tr>\n<tr>\n<td>YS-C01-600KG<\/td>\n<td>180<\/td>\n<td>110<\/td>\n<td>600<\/td>\n<td>1650 \u00d7 1350<\/td>\n<\/tr>\n<tr>\n<td>YS-C01-800KG<\/td>\n<td>210<\/td>\n<td>130<\/td>\n<td>800<\/td>\n<td>1750 \u00d7 1400<\/td>\n<\/tr>\n<\/tbody>\n<\/table>","protected":false},"featured_media":661,"comment_status":"open","ping_status":"closed","template":"","meta":[],"product_brand":[],"product_cat":[45],"product_tag":[],"class_list":{"0":"post-744","1":"product","2":"type-product","3":"status-publish","4":"has-post-thumbnail","6":"product_cat-crucible-furnace","8":"first","9":"instock","10":"shipping-taxable","11":"product-type-simple"},"_links":{"self":[{"href":"https:\/\/yeasunfurnace.com\/pt\/wp-json\/wp\/v2\/product\/744","targetHints":{"allow":["GET"]}}],"collection":[{"href":"https:\/\/yeasunfurnace.com\/pt\/wp-json\/wp\/v2\/product"}],"about":[{"href":"https:\/\/yeasunfurnace.com\/pt\/wp-json\/wp\/v2\/types\/product"}],"replies":[{"embeddable":true,"href":"https:\/\/yeasunfurnace.com\/pt\/wp-json\/wp\/v2\/comments?post=744"}],"wp:featuredmedia":[{"embeddable":true,"href":"https:\/\/yeasunfurnace.com\/pt\/wp-json\/wp\/v2\/media\/661"}],"wp:attachment":[{"href":"https:\/\/yeasunfurnace.com\/pt\/wp-json\/wp\/v2\/media?parent=744"}],"wp:term":[{"taxonomy":"product_brand","embeddable":true,"href":"https:\/\/yeasunfurnace.com\/pt\/wp-json\/wp\/v2\/product_brand?post=744"},{"taxonomy":"product_cat","embeddable":true,"href":"https:\/\/yeasunfurnace.com\/pt\/wp-json\/wp\/v2\/product_cat?post=744"},{"taxonomy":"product_tag","embeddable":true,"href":"https:\/\/yeasunfurnace.com\/pt\/wp-json\/wp\/v2\/product_tag?post=744"}],"curies":[{"name":"wp","href":"https:\/\/api.w.org\/{rel}","templated":true}]}}