{"id":795,"date":"2025-08-06T09:04:27","date_gmt":"2025-08-06T09:04:27","guid":{"rendered":"https:\/\/yeasunfurnace.com\/?post_type=product&#038;p=795"},"modified":"2025-08-06T09:04:50","modified_gmt":"2025-08-06T09:04:50","slug":"solucoes-chave-na-mao-para-instalacoes-ys-t02","status":"publish","type":"product","link":"https:\/\/yeasunfurnace.com\/pt\/product\/solucoes-chave-na-mao-para-instalacoes-ys-t02\/","title":{"rendered":"Solu\u00e7\u00f5es chave na m\u00e3o para instala\u00e7\u00f5es YS-T02"},"content":{"rendered":"","protected":false},"excerpt":{"rendered":"","protected":false},"featured_media":796,"comment_status":"open","ping_status":"closed","template":"","meta":[],"product_brand":[],"product_cat":[35],"product_tag":[],"class_list":{"0":"post-795","1":"product","2":"type-product","3":"status-publish","4":"has-post-thumbnail","6":"product_cat-turnkey-plant-solutions","8":"first","9":"instock","10":"shipping-taxable","11":"product-type-simple"},"_links":{"self":[{"href":"https:\/\/yeasunfurnace.com\/pt\/wp-json\/wp\/v2\/product\/795","targetHints":{"allow":["GET"]}}],"collection":[{"href":"https:\/\/yeasunfurnace.com\/pt\/wp-json\/wp\/v2\/product"}],"about":[{"href":"https:\/\/yeasunfurnace.com\/pt\/wp-json\/wp\/v2\/types\/product"}],"replies":[{"embeddable":true,"href":"https:\/\/yeasunfurnace.com\/pt\/wp-json\/wp\/v2\/comments?post=795"}],"wp:featuredmedia":[{"embeddable":true,"href":"https:\/\/yeasunfurnace.com\/pt\/wp-json\/wp\/v2\/media\/796"}],"wp:attachment":[{"href":"https:\/\/yeasunfurnace.com\/pt\/wp-json\/wp\/v2\/media?parent=795"}],"wp:term":[{"taxonomy":"product_brand","embeddable":true,"href":"https:\/\/yeasunfurnace.com\/pt\/wp-json\/wp\/v2\/product_brand?post=795"},{"taxonomy":"product_cat","embeddable":true,"href":"https:\/\/yeasunfurnace.com\/pt\/wp-json\/wp\/v2\/product_cat?post=795"},{"taxonomy":"product_tag","embeddable":true,"href":"https:\/\/yeasunfurnace.com\/pt\/wp-json\/wp\/v2\/product_tag?post=795"}],"curies":[{"name":"wp","href":"https:\/\/api.w.org\/{rel}","templated":true}]}}