{"id":811,"date":"2025-08-06T09:26:44","date_gmt":"2025-08-06T09:26:44","guid":{"rendered":"https:\/\/yeasunfurnace.com\/?post_type=product&#038;p=811"},"modified":"2025-08-06T13:59:47","modified_gmt":"2025-08-06T13:59:47","slug":"forno-de-cadinho-de-gas-basculante-ys-c02","status":"publish","type":"product","link":"https:\/\/yeasunfurnace.com\/pt\/product\/forno-de-cadinho-de-gas-basculante-ys-c02\/","title":{"rendered":"Forno de cadinho a g\u00e1s basculante YS-C02"},"content":{"rendered":"<h3 data-start=\"998\" data-end=\"1017\">Carater\u00edsticas principais<\/h3>\n<p data-start=\"1019\" data-end=\"1195\"><strong data-start=\"1019\" data-end=\"1047\">1. M\u00faltiplas op\u00e7\u00f5es de combust\u00edvel<\/strong><br data-start=\"1047\" data-end=\"1050\" \/>Compat\u00edvel com uma vasta gama de fontes de combust\u00edvel, incluindo g\u00e1s natural, g\u00e1s de petr\u00f3leo liquefeito (GPL), g\u00e1s de carv\u00e3o, gas\u00f3leo e pellets de biomassa.<\/p>\n<p data-start=\"1197\" data-end=\"1389\"><strong data-start=\"1197\" data-end=\"1229\">2. Ideal para utiliza\u00e7\u00e3o em v\u00e1rias ligas<\/strong><br data-start=\"1229\" data-end=\"1232\" \/>Perfeitamente adequado para opera\u00e7\u00f5es de fundi\u00e7\u00e3o sob press\u00e3o que envolvam v\u00e1rios tipos de ligas de alum\u00ednio, permitindo uma comuta\u00e7\u00e3o eficiente sem comprometer a qualidade da fus\u00e3o.<\/p>\n<p data-start=\"1391\" data-end=\"1601\"><strong data-start=\"1391\" data-end=\"1432\">3. Elevada automatiza\u00e7\u00e3o e f\u00e1cil manuten\u00e7\u00e3o<\/strong><br data-start=\"1432\" data-end=\"1435\" \/>Apresenta um elevado grau de automatiza\u00e7\u00e3o e um design de f\u00e1cil utiliza\u00e7\u00e3o. Os processos de remo\u00e7\u00e3o de esc\u00f3rias e de desgaseifica\u00e7\u00e3o s\u00e3o simples e seguros, melhorando a efici\u00eancia operacional.<\/p>\n<hr data-start=\"1603\" data-end=\"1606\" \/>\n<h3 data-start=\"1608\" data-end=\"1636\">Vantagens num relance<\/h3>\n<ul data-start=\"1638\" data-end=\"1887\">\n<li data-start=\"1638\" data-end=\"1698\">\n<p data-start=\"1640\" data-end=\"1698\">Elevada efici\u00eancia t\u00e9rmica com design de combust\u00e3o optimizado<\/p>\n<\/li>\n<li data-start=\"1699\" data-end=\"1728\">\n<p data-start=\"1701\" data-end=\"1728\">Redu\u00e7\u00e3o da queima de alum\u00ednio<\/p>\n<\/li>\n<li data-start=\"1729\" data-end=\"1772\">\n<p data-start=\"1731\" data-end=\"1772\">Longa vida \u00fatil e estrutura duradoura<\/p>\n<\/li>\n<li data-start=\"1773\" data-end=\"1814\">\n<p data-start=\"1775\" data-end=\"1814\">Custos operacionais e de investimento mais baixos<\/p>\n<\/li>\n<li data-start=\"1815\" data-end=\"1887\">\n<p data-start=\"1817\" data-end=\"1887\">Tecnologia avan\u00e7ada de poupan\u00e7a de energia apoiada por uma experi\u00eancia l\u00edder na ind\u00fastria<\/p>\n<\/li>\n<\/ul>\n<p>&nbsp;<\/p>\n<table>\n<thead>\n<tr>\n<th>Modelo<\/th>\n<th>Capacidade de fus\u00e3o (kg\/h)<\/th>\n<th>Alum\u00ednio Capacidade de carga (kg)<\/th>\n<th>Dimens\u00f5es (mm)<\/th>\n<\/tr>\n<\/thead>\n<tbody>\n<tr>\n<td>YS-C02-350KG<\/td>\n<td>120<\/td>\n<td>350<\/td>\n<td>\u00d81450 \u00d7 H1100<\/td>\n<\/tr>\n<tr>\n<td>YS-C02-500KG<\/td>\n<td>150<\/td>\n<td>500<\/td>\n<td>\u00d81500 \u00d7 H1250<\/td>\n<\/tr>\n<tr>\n<td>YS-C02-600KG<\/td>\n<td>180<\/td>\n<td>600<\/td>\n<td>\u00d81600 \u00d7 H1300<\/td>\n<\/tr>\n<tr>\n<td>YS-C02-800KG<\/td>\n<td>210<\/td>\n<td>800<\/td>\n<td>\u00d81700 \u00d7 H1350<\/td>\n<\/tr>\n<\/tbody>\n<\/table>","protected":false},"excerpt":{"rendered":"<p data-start=\"170\" data-end=\"496\">O forno de cadinho basculante a g\u00e1s foi concebido para a fus\u00e3o centralizada de alum\u00ednio em oficinas de fundi\u00e7\u00e3o injetada de ligas de alum\u00ednio de pequena escala. Este forno oferece uma solu\u00e7\u00e3o personalizada, desenvolvida para reduzir a perda de oxida\u00e7\u00e3o do alum\u00ednio e o consumo de energia durante a fus\u00e3o, mantendo a elevada qualidade do alum\u00ednio fundido.<\/p>\n<p data-start=\"498\" data-end=\"607\">Em compara\u00e7\u00e3o com os fornos de fus\u00e3o centralizados tradicionais, esta unidade introduz duas melhorias estruturais:<\/p>\n<ol data-start=\"609\" data-end=\"781\">\n<li data-start=\"609\" data-end=\"678\">\n<p data-start=\"612\" data-end=\"678\">\u00c2ngulo do queimador de isolamento optimizado para um melhor controlo t\u00e9rmico<\/p>\n<\/li>\n<li data-start=\"679\" data-end=\"781\">\n<p data-start=\"682\" data-end=\"781\">C\u00e2mara de isolamento alargada para melhorar o aquecimento radiante e maximizar a utiliza\u00e7\u00e3o do calor da combust\u00e3o<\/p>\n<\/li>\n<\/ol>\n<p data-start=\"783\" data-end=\"991\">Estas optimiza\u00e7\u00f5es de design contribuem para uma maior efici\u00eancia t\u00e9rmica, redu\u00e7\u00e3o das perdas por fus\u00e3o, aumento da vida \u00fatil e menores custos de investimento, tornando-a uma escolha ideal para fundi\u00e7\u00f5es preocupadas com a energia.<\/p>","protected":false},"featured_media":812,"comment_status":"open","ping_status":"closed","template":"","meta":[],"product_brand":[],"product_cat":[45],"product_tag":[],"class_list":{"0":"post-811","1":"product","2":"type-product","3":"status-publish","4":"has-post-thumbnail","6":"product_cat-crucible-furnace","8":"first","9":"instock","10":"shipping-taxable","11":"product-type-simple"},"_links":{"self":[{"href":"https:\/\/yeasunfurnace.com\/pt\/wp-json\/wp\/v2\/product\/811","targetHints":{"allow":["GET"]}}],"collection":[{"href":"https:\/\/yeasunfurnace.com\/pt\/wp-json\/wp\/v2\/product"}],"about":[{"href":"https:\/\/yeasunfurnace.com\/pt\/wp-json\/wp\/v2\/types\/product"}],"replies":[{"embeddable":true,"href":"https:\/\/yeasunfurnace.com\/pt\/wp-json\/wp\/v2\/comments?post=811"}],"wp:featuredmedia":[{"embeddable":true,"href":"https:\/\/yeasunfurnace.com\/pt\/wp-json\/wp\/v2\/media\/812"}],"wp:attachment":[{"href":"https:\/\/yeasunfurnace.com\/pt\/wp-json\/wp\/v2\/media?parent=811"}],"wp:term":[{"taxonomy":"product_brand","embeddable":true,"href":"https:\/\/yeasunfurnace.com\/pt\/wp-json\/wp\/v2\/product_brand?post=811"},{"taxonomy":"product_cat","embeddable":true,"href":"https:\/\/yeasunfurnace.com\/pt\/wp-json\/wp\/v2\/product_cat?post=811"},{"taxonomy":"product_tag","embeddable":true,"href":"https:\/\/yeasunfurnace.com\/pt\/wp-json\/wp\/v2\/product_tag?post=811"}],"curies":[{"name":"wp","href":"https:\/\/api.w.org\/{rel}","templated":true}]}}