{"id":851,"date":"2025-08-07T08:24:19","date_gmt":"2025-08-07T08:24:19","guid":{"rendered":"https:\/\/yeasunfurnace.com\/?post_type=product&#038;p=851"},"modified":"2025-12-11T09:43:31","modified_gmt":"2025-12-11T09:43:31","slug":"forno-de-cadinho-estacionario-a-gas-ys-c04","status":"publish","type":"product","link":"https:\/\/yeasunfurnace.com\/pt\/product\/forno-de-cadinho-estacionario-a-gas-ys-c04\/","title":{"rendered":"Forno de cadinho estacion\u00e1rio a g\u00e1s YS-C04"},"content":{"rendered":"<h3 data-start=\"872\" data-end=\"892\"><strong data-start=\"876\" data-end=\"892\">Carater\u00edsticas principais<\/strong><\/h3>\n<p data-start=\"894\" data-end=\"1068\">\ud83d\udd39 <strong data-start=\"897\" data-end=\"930\">Estrutura de isolamento avan\u00e7ada<\/strong><br data-start=\"930\" data-end=\"933\" \/>Os tijolos refract\u00e1rios de alta alumina e o revestimento de pain\u00e9is de fibras, combinados com o nano-isolamento, proporcionam uma reten\u00e7\u00e3o de calor superior e um aquecimento r\u00e1pido.<\/p>\n<p data-start=\"1070\" data-end=\"1232\">\ud83d\udd39 <strong data-start=\"1073\" data-end=\"1098\">Design modular do queimador<\/strong><br data-start=\"1098\" data-end=\"1101\" \/>O conjunto de combust\u00e3o separado aumenta a vida \u00fatil do queimador, assegura uma combust\u00e3o est\u00e1vel e apoia um funcionamento ecol\u00f3gico e com baixas emiss\u00f5es de carbono.<\/p>\n<p data-start=\"1234\" data-end=\"1400\">\ud83d\udd39 <strong data-start=\"1237\" data-end=\"1277\">Permutador de calor regenerativo incorporado<\/strong><br data-start=\"1277\" data-end=\"1280\" \/>Recicla o calor residual para melhorar a efici\u00eancia energ\u00e9tica e reduzir o consumo de g\u00e1s - prolonga a vida \u00fatil do queimador e minimiza as emiss\u00f5es.<\/p>\n<p data-start=\"1402\" data-end=\"1581\">\ud83d\udd39 <strong data-start=\"1405\" data-end=\"1437\">Controlo exato da temperatura<\/strong><br data-start=\"1437\" data-end=\"1440\" \/>Equipado com um ventilador de alta press\u00e3o de frequ\u00eancia vari\u00e1vel e um sistema de controlo de temperatura duplo para uma gest\u00e3o precisa da temperatura do alum\u00ednio fundido.<\/p>\n<p data-start=\"1583\" data-end=\"1721\">\ud83d\udd39 <strong data-start=\"1586\" data-end=\"1616\">\u00c2ngulo de combust\u00e3o optimizado<\/strong><br data-start=\"1616\" data-end=\"1619\" \/>O posicionamento melhorado do queimador reduz a perda de calor e aumenta a uniformidade da temperatura na zona de reten\u00e7\u00e3o.<\/p>\n<p data-start=\"1723\" data-end=\"1897\">\ud83d\udd39 <strong data-start=\"1726\" data-end=\"1754\">C\u00e2mara de reten\u00e7\u00e3o alargada<\/strong><br data-start=\"1754\" data-end=\"1757\" \/>O aumento do volume interno aumenta a capacidade de aquecimento radiante e a efici\u00eancia t\u00e9rmica, resultando em custos de combust\u00edvel mais baixos e na redu\u00e7\u00e3o da perda de metal queimado.<\/p>\n<p data-start=\"1899\" data-end=\"2042\">\ud83d\udd39 <strong data-start=\"1902\" data-end=\"1939\">Suporte a v\u00e1rias fontes de energia<\/strong><br data-start=\"1939\" data-end=\"1942\" \/>Compat\u00edvel com g\u00e1s natural e g\u00e1s de petr\u00f3leo liquefeito (GPL) para satisfazer as v\u00e1rias necessidades dos clientes.<\/p>\n<p data-start=\"1899\" data-end=\"2042\"><strong>Forno a g\u00e1s economizador de energia vs. Forno el\u00e9trico vs. Forno a g\u00e1s tradicional<\/strong><\/p>\n<table>\n<thead>\n<tr>\n<th>Tipo de forno<\/th>\n<th>Fonte de energia<\/th>\n<th>Consumo de energia por tonelada de alum\u00ednio<\/th>\n<th>Pre\u00e7o unit\u00e1rio presumido da energia<\/th>\n<th>Custo energ\u00e9tico por tonelada de alum\u00ednio<\/th>\n<th>R\u00e1cio de poupan\u00e7a de energia<\/th>\n<th>Poupan\u00e7a anual de custos<\/th>\n<\/tr>\n<\/thead>\n<tbody>\n<tr>\n<td>Forno a g\u00e1s economizador de energia<\/td>\n<td>G\u00e1s natural canalizado \/ G\u00e1s engarrafado<\/td>\n<td>70-80 m\u00b3 de g\u00e1s\/tonelada de alum\u00ednio<\/td>\n<td>\u00a54 \/ m\u00b3<\/td>\n<td>\u00a5280 \/ tonelada<\/td>\n<td>-<\/td>\n<td>-<\/td>\n<\/tr>\n<tr>\n<td>Forno de resist\u00eancia el\u00e9ctrica<\/td>\n<td>Eletricidade<\/td>\n<td>500-600 kWh \/ tonelada de alum\u00ednio<\/td>\n<td>Pre\u00e7o com desconto \u00a50,8 \/ kWh<\/td>\n<td>\u00a5400-480 \/ tonelada<\/td>\n<td>30%-40%<\/td>\n<td>\u00a580.000-100.000\/ano<\/td>\n<\/tr>\n<tr>\n<td>Forno a g\u00e1s tradicional<\/td>\n<td>G\u00e1s natural canalizado \/ G\u00e1s engarrafado<\/td>\n<td>110-120 m\u00b3 de g\u00e1s\/tonelada de alum\u00ednio<\/td>\n<td>\u00a54 \/ m\u00b3<\/td>\n<td>\u00a5440 \/ tonelada<\/td>\n<td>30%-35%<\/td>\n<td>\u00a550.000-60.000\/ano<\/td>\n<\/tr>\n<\/tbody>\n<\/table>\n<p>&nbsp;<\/p>\n<p data-start=\"35\" data-end=\"91\"><strong>Especifica\u00e7\u00f5es do forno el\u00e9trico de fus\u00e3o de alum\u00ednio<\/strong><\/p>\n<div class=\"_tableContainer_16hzy_1\">\n<div class=\"_tableWrapper_16hzy_14 group flex w-fit flex-col-reverse\" tabindex=\"-1\">\n<table class=\"w-fit min-w-(--thread-content-width)\" data-start=\"93\" data-end=\"2015\">\n<thead data-start=\"93\" data-end=\"284\">\n<tr data-start=\"93\" data-end=\"284\">\n<th data-start=\"93\" data-end=\"109\" data-col-size=\"sm\">Modelo<\/th>\n<th data-start=\"109\" data-end=\"132\" data-col-size=\"sm\">Capacidade de fus\u00e3o<\/th>\n<th data-start=\"132\" data-end=\"146\" data-col-size=\"sm\">Pot\u00eancia<\/th>\n<th data-start=\"146\" data-end=\"177\" data-col-size=\"sm\">Configura\u00e7\u00e3o do cabo de alimenta\u00e7\u00e3o<\/th>\n<th data-start=\"177\" data-end=\"213\" data-col-size=\"sm\">Tamanho do cadinho (di\u00e2metro \u00d7 altura)<\/th>\n<th data-start=\"213\" data-end=\"248\" data-col-size=\"sm\">Tamanho do forno (di\u00e2metro \u00d7 altura)<\/th>\n<th data-start=\"248\" data-end=\"284\" data-col-size=\"sm\">Adequado para m\u00e1quinas de fundi\u00e7\u00e3o injectada<\/th>\n<\/tr>\n<\/thead>\n<tbody data-start=\"480\" data-end=\"2015\">\n<tr data-start=\"480\" data-end=\"671\">\n<td data-start=\"480\" data-end=\"496\" data-col-size=\"sm\">YS-C04-300Kg<\/td>\n<td data-start=\"496\" data-end=\"519\" data-col-size=\"sm\">70-80 Kg\/H<\/td>\n<td data-start=\"519\" data-end=\"533\" data-col-size=\"sm\">230 Kw<\/td>\n<td data-start=\"533\" data-end=\"564\" data-col-size=\"sm\">35M\u00b3 \u00d7 3 \u00d7 5m<\/td>\n<td data-start=\"564\" data-end=\"599\" data-col-size=\"sm\">\u03a6650 \u00d7 H650 mm<\/td>\n<td data-start=\"599\" data-end=\"634\" data-col-size=\"sm\">\u03a61400 \u00d7 H1050 mm<\/td>\n<td data-start=\"634\" data-end=\"671\" data-col-size=\"sm\">200-250T<\/td>\n<\/tr>\n<tr data-start=\"672\" data-end=\"863\">\n<td data-start=\"672\" data-end=\"688\" data-col-size=\"sm\">YS-C04-400Kg<\/td>\n<td data-start=\"688\" data-end=\"711\" data-col-size=\"sm\">100-120 Kg\/H<\/td>\n<td data-start=\"711\" data-end=\"725\" data-col-size=\"sm\">230 Kw<\/td>\n<td data-start=\"725\" data-end=\"756\" data-col-size=\"sm\">50M\u00b3 \u00d7 3 \u00d7 5m<\/td>\n<td data-start=\"756\" data-end=\"791\" data-col-size=\"sm\">\u03a6715 \u00d7 H700 mm<\/td>\n<td data-start=\"791\" data-end=\"826\" data-col-size=\"sm\">\u03a61450 \u00d7 H1080 mm<\/td>\n<td data-start=\"826\" data-end=\"863\" data-col-size=\"sm\">280-300T<\/td>\n<\/tr>\n<tr data-start=\"864\" data-end=\"1055\">\n<td data-start=\"864\" data-end=\"880\" data-col-size=\"sm\">YS-C04-500Kg<\/td>\n<td data-start=\"880\" data-end=\"903\" data-col-size=\"sm\">130-150 Kg\/H<\/td>\n<td data-start=\"903\" data-end=\"917\" data-col-size=\"sm\">320 Kw<\/td>\n<td data-start=\"917\" data-end=\"948\" data-col-size=\"sm\">50M\u00b3 \u00d7 3 \u00d7 5m<\/td>\n<td data-start=\"948\" data-end=\"983\" data-col-size=\"sm\">\u03a6780 \u00d7 H750 mm<\/td>\n<td data-start=\"983\" data-end=\"1018\" data-col-size=\"sm\">\u03a61500 \u00d7 H1150 mm<\/td>\n<td data-start=\"1018\" data-end=\"1055\" data-col-size=\"sm\">350-400T<\/td>\n<\/tr>\n<tr data-start=\"1056\" data-end=\"1247\">\n<td data-start=\"1056\" data-end=\"1072\" data-col-size=\"sm\">YS-C04-600Kg<\/td>\n<td data-start=\"1072\" data-end=\"1095\" data-col-size=\"sm\">160-180 Kg\/H<\/td>\n<td data-start=\"1095\" data-end=\"1109\" data-col-size=\"sm\">320 Kw<\/td>\n<td data-start=\"1109\" data-end=\"1140\" data-col-size=\"sm\">70M\u00b3 \u00d7 3 \u00d7 5m<\/td>\n<td data-start=\"1140\" data-end=\"1175\" data-col-size=\"sm\">\u03a6780 \u00d7 H900 mm<\/td>\n<td data-start=\"1175\" data-end=\"1210\" data-col-size=\"sm\">\u03a61500 \u00d7 H1300 mm<\/td>\n<td data-start=\"1210\" data-end=\"1247\" data-col-size=\"sm\">500T<\/td>\n<\/tr>\n<tr data-start=\"1248\" data-end=\"1439\">\n<td data-start=\"1248\" data-end=\"1264\" data-col-size=\"sm\">YS-C04-700Kg<\/td>\n<td data-start=\"1264\" data-end=\"1287\" data-col-size=\"sm\">200-220 Kg\/H<\/td>\n<td data-start=\"1287\" data-end=\"1301\" data-col-size=\"sm\">320 Kw<\/td>\n<td data-start=\"1301\" data-end=\"1332\" data-col-size=\"sm\">95M\u00b3 \u00d7 3 \u00d7 5m<\/td>\n<td data-start=\"1332\" data-end=\"1367\" data-col-size=\"sm\">\u03a6880 \u00d7 H880 mm<\/td>\n<td data-start=\"1367\" data-end=\"1402\" data-col-size=\"sm\">\u03a61650 \u00d7 H1300 mm<\/td>\n<td data-start=\"1402\" data-end=\"1439\" data-col-size=\"sm\">500-650T<\/td>\n<\/tr>\n<tr data-start=\"1440\" data-end=\"1631\">\n<td data-start=\"1440\" data-end=\"1456\" data-col-size=\"sm\">YS-C04-800Kg<\/td>\n<td data-start=\"1456\" data-end=\"1479\" data-col-size=\"sm\">230-250 Kg\/H<\/td>\n<td data-start=\"1479\" data-end=\"1493\" data-col-size=\"sm\">450 Kw<\/td>\n<td data-start=\"1493\" data-end=\"1524\" data-col-size=\"sm\">95M\u00b3 \u00d7 3 \u00d7 5m<\/td>\n<td data-start=\"1524\" data-end=\"1559\" data-col-size=\"sm\">\u03a6880 \u00d7 H1000 mm<\/td>\n<td data-start=\"1559\" data-end=\"1594\" data-col-size=\"sm\">\u03a61650 \u00d7 H1400 mm<\/td>\n<td data-start=\"1594\" data-end=\"1631\" data-col-size=\"sm\">800T<\/td>\n<\/tr>\n<tr data-start=\"1632\" data-end=\"1823\">\n<td data-start=\"1632\" data-end=\"1648\" data-col-size=\"sm\">YS-C04-1000Kg<\/td>\n<td data-start=\"1648\" data-end=\"1671\" data-col-size=\"sm\">280-300 Kg\/H<\/td>\n<td data-start=\"1671\" data-end=\"1685\" data-col-size=\"sm\">450 Kw<\/td>\n<td data-start=\"1685\" data-end=\"1716\" data-col-size=\"sm\">95M\u00b3 \u00d7 3 \u00d7 5m<\/td>\n<td data-start=\"1716\" data-end=\"1751\" data-col-size=\"sm\">\u03a61040 \u00d7 H830 mm<\/td>\n<td data-start=\"1751\" data-end=\"1786\" data-col-size=\"sm\">\u03a61780 \u00d7 H1400 mm<\/td>\n<td data-start=\"1786\" data-end=\"1823\" data-col-size=\"sm\">1000T<\/td>\n<\/tr>\n<tr data-start=\"1824\" data-end=\"2015\">\n<td data-start=\"1824\" data-end=\"1840\" data-col-size=\"sm\">YS-C04-1200Kg<\/td>\n<td data-start=\"1840\" data-end=\"1863\" data-col-size=\"sm\">320-350 Kg\/H<\/td>\n<td data-start=\"1863\" data-end=\"1877\" data-col-size=\"sm\">550 Kw<\/td>\n<td data-start=\"1877\" data-end=\"1908\" data-col-size=\"sm\">120M\u00b3 \u00d7 3 \u00d7 5m<\/td>\n<td data-start=\"1908\" data-end=\"1943\" data-col-size=\"sm\">\u03a61040 \u00d7 H1000 mm<\/td>\n<td data-start=\"1943\" data-end=\"1978\" data-col-size=\"sm\">\u03a61750 \u00d7 H1500 mm<\/td>\n<td data-start=\"1978\" data-end=\"2015\" data-col-size=\"sm\">1000-1250T<\/td>\n<\/tr>\n<\/tbody>\n<\/table>\n<\/div>\n<\/div>\n<p>&nbsp;<\/p>","protected":false},"excerpt":{"rendered":"<p data-start=\"209\" data-end=\"268\"><strong data-start=\"209\" data-end=\"268\">Eficiente. Fi\u00e1vel. Feito sob medida para linhas de fundi\u00e7\u00e3o sob press\u00e3o.<\/strong><\/p>\n<p data-start=\"270\" data-end=\"544\">O nosso forno de fus\u00e3o de cadinho a g\u00e1s economizador de energia foi especificamente concebido para aplica\u00e7\u00f5es de fus\u00e3o de alum\u00ednio, particularmente em conjunto com m\u00e1quinas de fundi\u00e7\u00e3o sob press\u00e3o. Constru\u00eddo com um permutador de calor regenerativo integrado, recicla a energia t\u00e9rmica para reduzir significativamente o consumo de combust\u00edvel e os custos de funcionamento.<\/p>\n<p data-start=\"546\" data-end=\"865\">O sistema de combust\u00e3o \u00e9 modular e separado do corpo do queimador para garantir uma vida \u00fatil prolongada, um desempenho est\u00e1vel e um funcionamento fi\u00e1vel. Cada forno \u00e9 concebido \u00e0 medida para satisfazer as necessidades espec\u00edficas da sua produ\u00e7\u00e3o, reduzindo a perda de oxida\u00e7\u00e3o do alum\u00ednio e mantendo uma elevada qualidade de fus\u00e3o e efici\u00eancia energ\u00e9tica.<\/p>","protected":false},"featured_media":852,"comment_status":"open","ping_status":"closed","template":"","meta":[],"product_brand":[],"product_cat":[45],"product_tag":[],"class_list":{"0":"post-851","1":"product","2":"type-product","3":"status-publish","4":"has-post-thumbnail","6":"product_cat-crucible-furnace","8":"first","9":"instock","10":"shipping-taxable","11":"product-type-simple"},"_links":{"self":[{"href":"https:\/\/yeasunfurnace.com\/pt\/wp-json\/wp\/v2\/product\/851","targetHints":{"allow":["GET"]}}],"collection":[{"href":"https:\/\/yeasunfurnace.com\/pt\/wp-json\/wp\/v2\/product"}],"about":[{"href":"https:\/\/yeasunfurnace.com\/pt\/wp-json\/wp\/v2\/types\/product"}],"replies":[{"embeddable":true,"href":"https:\/\/yeasunfurnace.com\/pt\/wp-json\/wp\/v2\/comments?post=851"}],"wp:featuredmedia":[{"embeddable":true,"href":"https:\/\/yeasunfurnace.com\/pt\/wp-json\/wp\/v2\/media\/852"}],"wp:attachment":[{"href":"https:\/\/yeasunfurnace.com\/pt\/wp-json\/wp\/v2\/media?parent=851"}],"wp:term":[{"taxonomy":"product_brand","embeddable":true,"href":"https:\/\/yeasunfurnace.com\/pt\/wp-json\/wp\/v2\/product_brand?post=851"},{"taxonomy":"product_cat","embeddable":true,"href":"https:\/\/yeasunfurnace.com\/pt\/wp-json\/wp\/v2\/product_cat?post=851"},{"taxonomy":"product_tag","embeddable":true,"href":"https:\/\/yeasunfurnace.com\/pt\/wp-json\/wp\/v2\/product_tag?post=851"}],"curies":[{"name":"wp","href":"https:\/\/api.w.org\/{rel}","templated":true}]}}