{"id":797,"date":"2025-08-06T09:09:22","date_gmt":"2025-08-06T09:09:22","guid":{"rendered":"https:\/\/yeasunfurnace.com\/?post_type=product&#038;p=797"},"modified":"2025-08-06T09:09:58","modified_gmt":"2025-08-06T09:09:58","slug":"anahtar-tesli%cc%87m-dokum-tesi%cc%87si%cc%87-cozumleri%cc%87-ys-t03","status":"publish","type":"product","link":"https:\/\/yeasunfurnace.com\/tr\/product\/anahtar-tesli%cc%87m-dokum-tesi%cc%87si%cc%87-cozumleri%cc%87-ys-t03\/","title":{"rendered":"Bas\u0131n\u00e7l\u0131 D\u00f6k\u00fcm Anahtar Teslim Tesis \u00c7\u00f6z\u00fcmleri YS-T03"},"content":{"rendered":"","protected":false},"excerpt":{"rendered":"","protected":false},"featured_media":798,"comment_status":"open","ping_status":"closed","template":"","meta":[],"product_brand":[],"product_cat":[35],"product_tag":[],"class_list":{"0":"post-797","1":"product","2":"type-product","3":"status-publish","4":"has-post-thumbnail","6":"product_cat-turnkey-plant-solutions","8":"first","9":"instock","10":"shipping-taxable","11":"product-type-simple"},"_links":{"self":[{"href":"https:\/\/yeasunfurnace.com\/tr\/wp-json\/wp\/v2\/product\/797","targetHints":{"allow":["GET"]}}],"collection":[{"href":"https:\/\/yeasunfurnace.com\/tr\/wp-json\/wp\/v2\/product"}],"about":[{"href":"https:\/\/yeasunfurnace.com\/tr\/wp-json\/wp\/v2\/types\/product"}],"replies":[{"embeddable":true,"href":"https:\/\/yeasunfurnace.com\/tr\/wp-json\/wp\/v2\/comments?post=797"}],"wp:featuredmedia":[{"embeddable":true,"href":"https:\/\/yeasunfurnace.com\/tr\/wp-json\/wp\/v2\/media\/798"}],"wp:attachment":[{"href":"https:\/\/yeasunfurnace.com\/tr\/wp-json\/wp\/v2\/media?parent=797"}],"wp:term":[{"taxonomy":"product_brand","embeddable":true,"href":"https:\/\/yeasunfurnace.com\/tr\/wp-json\/wp\/v2\/product_brand?post=797"},{"taxonomy":"product_cat","embeddable":true,"href":"https:\/\/yeasunfurnace.com\/tr\/wp-json\/wp\/v2\/product_cat?post=797"},{"taxonomy":"product_tag","embeddable":true,"href":"https:\/\/yeasunfurnace.com\/tr\/wp-json\/wp\/v2\/product_tag?post=797"}],"curies":[{"name":"wp","href":"https:\/\/api.w.org\/{rel}","templated":true}]}}