{"id":811,"date":"2025-08-06T09:26:44","date_gmt":"2025-08-06T09:26:44","guid":{"rendered":"https:\/\/yeasunfurnace.com\/?post_type=product&#038;p=811"},"modified":"2025-08-06T13:59:47","modified_gmt":"2025-08-06T13:59:47","slug":"devri%cc%87len-gaz-pota-firini-ys-c02","status":"publish","type":"product","link":"https:\/\/yeasunfurnace.com\/tr\/product\/devri%cc%87len-gaz-pota-firini-ys-c02\/","title":{"rendered":"Devrilebilir Gazl\u0131 Pota F\u0131r\u0131n\u0131 YS-C02"},"content":{"rendered":"<h3 data-start=\"998\" data-end=\"1017\">Temel \u00d6zellikler<\/h3>\n<p data-start=\"1019\" data-end=\"1195\"><strong data-start=\"1019\" data-end=\"1047\">1. \u00c7oklu Yak\u0131t Se\u00e7enekleri<\/strong><br data-start=\"1047\" data-end=\"1050\" \/>Do\u011fal gaz, s\u0131v\u0131la\u015ft\u0131r\u0131lm\u0131\u015f petrol gaz\u0131 (LPG), k\u00f6m\u00fcr gaz\u0131, dizel ve biyok\u00fctle peletleri dahil olmak \u00fczere \u00e7ok \u00e7e\u015fitli yak\u0131t kaynaklar\u0131 ile uyumludur.<\/p>\n<p data-start=\"1197\" data-end=\"1389\"><strong data-start=\"1197\" data-end=\"1229\">2. \u00c7ok Ala\u015f\u0131ml\u0131 Kullan\u0131m i\u00e7in \u0130deal<\/strong><br data-start=\"1229\" data-end=\"1232\" \/>Birden fazla kalitede al\u00fcminyum ala\u015f\u0131m\u0131 i\u00e7eren bas\u0131n\u00e7l\u0131 d\u00f6k\u00fcm i\u015flemleri i\u00e7in m\u00fckemmel \u015fekilde uygundur ve eriyik kalitesinden \u00f6d\u00fcn vermeden verimli ge\u00e7i\u015f sa\u011flar.<\/p>\n<p data-start=\"1391\" data-end=\"1601\"><strong data-start=\"1391\" data-end=\"1432\">3. Y\u00fcksek Otomasyon ve Kolay Bak\u0131m<\/strong><br data-start=\"1432\" data-end=\"1435\" \/>Y\u00fcksek derecede otomasyona ve kullan\u0131c\u0131 dostu bir tasar\u0131ma sahiptir. C\u00fcruf giderme ve gaz giderme i\u015flemleri basit ve g\u00fcvenlidir, operasyonel verimlili\u011fi art\u0131r\u0131r.<\/p>\n<hr data-start=\"1603\" data-end=\"1606\" \/>\n<h3 data-start=\"1608\" data-end=\"1636\">\u2705 Bir Bak\u0131\u015fta Avantajlar<\/h3>\n<ul data-start=\"1638\" data-end=\"1887\">\n<li data-start=\"1638\" data-end=\"1698\">\n<p data-start=\"1640\" data-end=\"1698\">Optimize edilmi\u015f yanma tasar\u0131m\u0131 ile y\u00fcksek termal verimlilik<\/p>\n<\/li>\n<li data-start=\"1699\" data-end=\"1728\">\n<p data-start=\"1701\" data-end=\"1728\">Azalt\u0131lm\u0131\u015f al\u00fcminyum yanmas\u0131<\/p>\n<\/li>\n<li data-start=\"1729\" data-end=\"1772\">\n<p data-start=\"1731\" data-end=\"1772\">Uzun servis \u00f6mr\u00fc ve dayan\u0131kl\u0131 yap\u0131<\/p>\n<\/li>\n<li data-start=\"1773\" data-end=\"1814\">\n<p data-start=\"1775\" data-end=\"1814\">Daha d\u00fc\u015f\u00fck i\u015fletme ve yat\u0131r\u0131m maliyetleri<\/p>\n<\/li>\n<li data-start=\"1815\" data-end=\"1887\">\n<p data-start=\"1817\" data-end=\"1887\">Sekt\u00f6r lideri uzmanl\u0131kla desteklenen geli\u015fmi\u015f enerji tasarrufu teknolojisi<\/p>\n<\/li>\n<\/ul>\n<p>&nbsp;<\/p>\n<table>\n<thead>\n<tr>\n<th>Model<\/th>\n<th>Eritme Kapasitesi (kg\/saat)<\/th>\n<th>Al\u00fcminyum Tutma Kapasitesi (kg)<\/th>\n<th>Boyutlar (mm)<\/th>\n<\/tr>\n<\/thead>\n<tbody>\n<tr>\n<td>YS-C02-350KG<\/td>\n<td>120<\/td>\n<td>350<\/td>\n<td>\u00d81450 \u00d7 H1100<\/td>\n<\/tr>\n<tr>\n<td>YS-C02-500KG<\/td>\n<td>150<\/td>\n<td>500<\/td>\n<td>\u00d81500 \u00d7 H1250<\/td>\n<\/tr>\n<tr>\n<td>YS-C02-600KG<\/td>\n<td>180<\/td>\n<td>600<\/td>\n<td>\u00d81600 \u00d7 Y1300<\/td>\n<\/tr>\n<tr>\n<td>YS-C02-800KG<\/td>\n<td>210<\/td>\n<td>800<\/td>\n<td>\u00d81700 \u00d7 H1350<\/td>\n<\/tr>\n<\/tbody>\n<\/table>","protected":false},"excerpt":{"rendered":"<p data-start=\"170\" data-end=\"496\">Devrilebilir Gazl\u0131 Pota F\u0131r\u0131n\u0131, k\u00fc\u00e7\u00fck \u00f6l\u00e7ekli al\u00fcminyum ala\u015f\u0131ml\u0131 d\u00f6k\u00fcm at\u00f6lyelerinde merkezi al\u00fcminyum ergitme i\u00e7in tasarlanm\u0131\u015ft\u0131r. Bu f\u0131r\u0131n, ergitme s\u0131ras\u0131nda al\u00fcminyum oksidasyon kayb\u0131n\u0131 ve enerji t\u00fcketimini azaltmak ve ayn\u0131 zamanda ergimi\u015f al\u00fcminyumun y\u00fcksek kalitesini korumak i\u00e7in geli\u015ftirilmi\u015f \u00f6zelle\u015ftirilmi\u015f bir \u00e7\u00f6z\u00fcm sunar.<\/p>\n<p data-start=\"498\" data-end=\"607\">Geleneksel merkezi eritme f\u0131r\u0131nlar\u0131 ile kar\u015f\u0131la\u015ft\u0131r\u0131ld\u0131\u011f\u0131nda, bu \u00fcnite iki yap\u0131sal iyile\u015ftirme sunmaktad\u0131r:<\/p>\n<ol data-start=\"609\" data-end=\"781\">\n<li data-start=\"609\" data-end=\"678\">\n<p data-start=\"612\" data-end=\"678\">Daha iyi termal kontrol i\u00e7in optimize edilmi\u015f yal\u0131t\u0131m br\u00fcl\u00f6r\u00fc a\u00e7\u0131s\u0131<\/p>\n<\/li>\n<li data-start=\"679\" data-end=\"781\">\n<p data-start=\"682\" data-end=\"781\">Radyant \u0131s\u0131tmay\u0131 geli\u015ftirmek ve yanma \u0131s\u0131s\u0131 kullan\u0131m\u0131n\u0131 en \u00fcst d\u00fczeye \u00e7\u0131karmak i\u00e7in geni\u015fletilmi\u015f yal\u0131t\u0131m odas\u0131<\/p>\n<\/li>\n<\/ol>\n<p data-start=\"783\" data-end=\"991\">Bu tasar\u0131m optimizasyonlar\u0131 daha y\u00fcksek termal verimlilik, daha az eriyik kayb\u0131, daha uzun hizmet \u00f6mr\u00fc ve daha d\u00fc\u015f\u00fck yat\u0131r\u0131m maliyetlerine katk\u0131da bulunarak onu enerji bilincine sahip d\u00f6k\u00fcmhaneler i\u00e7in ideal bir se\u00e7im haline getirir.<\/p>","protected":false},"featured_media":812,"comment_status":"open","ping_status":"closed","template":"","meta":[],"product_brand":[],"product_cat":[45],"product_tag":[],"class_list":{"0":"post-811","1":"product","2":"type-product","3":"status-publish","4":"has-post-thumbnail","6":"product_cat-crucible-furnace","8":"first","9":"instock","10":"shipping-taxable","11":"product-type-simple"},"_links":{"self":[{"href":"https:\/\/yeasunfurnace.com\/tr\/wp-json\/wp\/v2\/product\/811","targetHints":{"allow":["GET"]}}],"collection":[{"href":"https:\/\/yeasunfurnace.com\/tr\/wp-json\/wp\/v2\/product"}],"about":[{"href":"https:\/\/yeasunfurnace.com\/tr\/wp-json\/wp\/v2\/types\/product"}],"replies":[{"embeddable":true,"href":"https:\/\/yeasunfurnace.com\/tr\/wp-json\/wp\/v2\/comments?post=811"}],"wp:featuredmedia":[{"embeddable":true,"href":"https:\/\/yeasunfurnace.com\/tr\/wp-json\/wp\/v2\/media\/812"}],"wp:attachment":[{"href":"https:\/\/yeasunfurnace.com\/tr\/wp-json\/wp\/v2\/media?parent=811"}],"wp:term":[{"taxonomy":"product_brand","embeddable":true,"href":"https:\/\/yeasunfurnace.com\/tr\/wp-json\/wp\/v2\/product_brand?post=811"},{"taxonomy":"product_cat","embeddable":true,"href":"https:\/\/yeasunfurnace.com\/tr\/wp-json\/wp\/v2\/product_cat?post=811"},{"taxonomy":"product_tag","embeddable":true,"href":"https:\/\/yeasunfurnace.com\/tr\/wp-json\/wp\/v2\/product_tag?post=811"}],"curies":[{"name":"wp","href":"https:\/\/api.w.org\/{rel}","templated":true}]}}