{"id":813,"date":"2025-08-06T09:32:38","date_gmt":"2025-08-06T09:32:38","guid":{"rendered":"https:\/\/yeasunfurnace.com\/?post_type=product&#038;p=813"},"modified":"2025-10-20T11:40:44","modified_gmt":"2025-10-20T11:40:44","slug":"direnc-aluminyum-eritme-potasi-firini-ys-c03","status":"publish","type":"product","link":"https:\/\/yeasunfurnace.com\/tr\/product\/direnc-aluminyum-eritme-potasi-firini-ys-c03\/","title":{"rendered":"Diren\u00e7li Al\u00fcminyum Eritme Pota F\u0131r\u0131n\u0131 YS-C03"},"content":{"rendered":"<p data-start=\"457\" data-end=\"678\"><strong data-start=\"457\" data-end=\"485\">1. \u00c7ift Pota Se\u00e7enekleri<\/strong><br data-start=\"485\" data-end=\"488\" \/>Yuvarlak f\u0131r\u0131n g\u00f6vdesi iki tip pota ile uyumludur - <strong data-start=\"555\" data-end=\"568\">d\u00f6kme demir<\/strong> ve <strong data-start=\"573\" data-end=\"594\">ithal grafit<\/strong> - m\u00fc\u015fterilere kendi \u00f6zel s\u00fcre\u00e7 ihtiya\u00e7lar\u0131na g\u00f6re se\u00e7im yapma esnekli\u011fi sa\u011flar.<\/p>\n<p data-start=\"680\" data-end=\"882\"><strong data-start=\"680\" data-end=\"711\">2. \u00c7oklu Is\u0131tma Y\u00f6ntemleri<\/strong><br data-start=\"711\" data-end=\"714\" \/>Teklifler <strong data-start=\"721\" data-end=\"741\">elektrikli \u0131s\u0131tma<\/strong> Is\u0131tma t\u00fcpleri veya diren\u00e7 teli arac\u0131l\u0131\u011f\u0131yla, m\u00fc\u015fterilerin enerji ve kontrol tercihlerine uygun konfig\u00fcrasyonu se\u00e7melerine olanak tan\u0131r.<\/p>\n<p data-start=\"884\" data-end=\"1064\"><strong data-start=\"884\" data-end=\"918\">3. Y\u00fcksek Performansl\u0131 Yal\u0131t\u0131m<\/strong><br data-start=\"918\" data-end=\"921\" \/>\u00dcst\u00fcn kalite ile \u00fcretilmi\u015ftir <strong data-start=\"940\" data-end=\"954\">refrakter<\/strong> ve <strong data-start=\"959\" data-end=\"999\">\u00f6zel isi yalitim malzemeleri\u0307<\/strong>f\u0131r\u0131n, d\u00fc\u015f\u00fck \u0131s\u0131 kayb\u0131 ve m\u00fckemmel enerji tasarrufu sa\u011flar.<\/p>\n<p data-start=\"1066\" data-end=\"1282\"><strong data-start=\"1066\" data-end=\"1102\">4. Kolay Kurulum ve Kullan\u0131m<\/strong><br data-start=\"1102\" data-end=\"1105\" \/>Kullan\u0131c\u0131 rahatl\u0131\u011f\u0131 d\u00fc\u015f\u00fcn\u00fclerek tasarlanan \u00fcnite, basit kurulum s\u00fcreci ve sezgisel kullan\u0131m \u00f6zellikleriyle daha k\u00fc\u00e7\u00fck d\u00f6k\u00fcmhaneler veya temel teknik ekipler i\u00e7in bile uygundur.<\/p>\n<p data-start=\"1284\" data-end=\"1487\"><strong data-start=\"1284\" data-end=\"1311\">5. Temiz ve \u00c7evre Dostu<\/strong><br data-start=\"1311\" data-end=\"1314\" \/>Geleneksel yak\u0131tla \u00e7al\u0131\u015fan f\u0131r\u0131nlarla kar\u015f\u0131la\u015ft\u0131r\u0131ld\u0131\u011f\u0131nda <strong data-start=\"1363\" data-end=\"1390\">elektrikli \u0131s\u0131tma sistemi<\/strong> al\u00fcminyum oksidasyon kayb\u0131n\u0131 \u00f6nemli \u00f6l\u00e7\u00fcde azalt\u0131r ve daha temiz, daha g\u00fcvenli bir \u00e7al\u0131\u015fma ortam\u0131 sa\u011flar.<\/p>\n<p data-start=\"1489\" data-end=\"1675\"><strong data-start=\"1489\" data-end=\"1517\">6. \u00c7ok Y\u00f6nl\u00fc Uygulama<\/strong><br data-start=\"1517\" data-end=\"1520\" \/>\u0130le entegrasyon i\u00e7in optimize edilmi\u015ftir <strong data-start=\"1551\" data-end=\"1588\">so\u011fuk kamarali d\u00f6k\u00fcm maki\u0307neleri\u0307<\/strong>ayn\u0131 zamanda a\u015fa\u011f\u0131dakiler i\u00e7in de ge\u00e7erlidir <strong data-start=\"1614\" data-end=\"1642\">merkezi eritme istasyonlar\u0131<\/strong> veya <strong data-start=\"1646\" data-end=\"1674\">al\u00fcminyum hurda geri d\u00f6n\u00fc\u015f\u00fcm\u00fc<\/strong>.<\/p>\n<p data-start=\"1677\" data-end=\"1870\"><strong data-start=\"1677\" data-end=\"1713\">7. S\u0131cakl\u0131k Sens\u00f6r\u00fc Korumas\u0131<\/strong><br data-start=\"1713\" data-end=\"1716\" \/>ile donat\u0131lm\u0131\u015ft\u0131r. <strong data-start=\"1732\" data-end=\"1766\">termokupl koruma kovan\u0131<\/strong> s\u0131cakl\u0131k probunun hizmet \u00f6mr\u00fcn\u00fc uzatmak ve istikrarl\u0131 ve do\u011fru s\u0131cakl\u0131k kontrol\u00fc sa\u011flamak i\u00e7in.<\/p>","protected":false},"excerpt":{"rendered":"<p data-start=\"131\" data-end=\"162\"><strong data-start=\"131\" data-end=\"162\">Verimli. Temiz. G\u00fcvenilir.<\/strong><\/p>\n<p data-start=\"164\" data-end=\"430\">Yeasun'un rezistansl\u0131 al\u00fcminyum ergitme f\u0131r\u0131n\u0131, ba\u015fta al\u00fcminyum olmak \u00fczere demir d\u0131\u015f\u0131 metaller i\u00e7in istikrarl\u0131 ve enerji tasarruflu ergitme sa\u011flamak \u00fczere tasarlanm\u0131\u015ft\u0131r. So\u011fuk kamaral\u0131 bas\u0131n\u00e7l\u0131 d\u00f6k\u00fcm makineleriyle kullan\u0131m i\u00e7in ideal olan bu \u00fcr\u00fcn, merkezi ergitme i\u015flemlerini ve hurda geri kazan\u0131m\u0131n\u0131 da destekler.<\/p>\n<table>\n<thead>\n<tr>\n<th>Model<\/th>\n<th>Eritme Kapasitesi (kg\/saat)<\/th>\n<th>Tutma Kapasitesi (kg)<\/th>\n<th>G\u00fc\u00e7 (kW)<\/th>\n<th>Boyutlar (mm)<\/th>\n<th>Bas\u0131n\u00e7l\u0131 D\u00f6k\u00fcm Makinesi i\u00e7in Uygun (T)<\/th>\n<\/tr>\n<\/thead>\n<tbody>\n<tr>\n<td>YS -C-250kg<\/td>\n<td>80<\/td>\n<td>250<\/td>\n<td>50<\/td>\n<td>1300 \u00d7 1050<\/td>\n<td>160-200T<\/td>\n<\/tr>\n<tr>\n<td>YS-C-400kg<\/td>\n<td>100<\/td>\n<td>350<\/td>\n<td>60<\/td>\n<td>1400 \u00d7 1050<\/td>\n<td>250-280T<\/td>\n<\/tr>\n<tr>\n<td>YS-C-500kg<\/td>\n<td>120<\/td>\n<td>500<\/td>\n<td>75<\/td>\n<td>1500 \u00d7 1050<\/td>\n<td>300-350T<\/td>\n<\/tr>\n<tr>\n<td>YS-C-650kg<\/td>\n<td>150<\/td>\n<td>650<\/td>\n<td>90<\/td>\n<td>1600 \u00d7 1100<\/td>\n<td>400-420T<\/td>\n<\/tr>\n<\/tbody>\n<\/table>","protected":false},"featured_media":857,"comment_status":"open","ping_status":"closed","template":"","meta":[],"product_brand":[],"product_cat":[45],"product_tag":[],"class_list":{"0":"post-813","1":"product","2":"type-product","3":"status-publish","4":"has-post-thumbnail","6":"product_cat-crucible-furnace","8":"first","9":"instock","10":"shipping-taxable","11":"product-type-simple"},"_links":{"self":[{"href":"https:\/\/yeasunfurnace.com\/tr\/wp-json\/wp\/v2\/product\/813","targetHints":{"allow":["GET"]}}],"collection":[{"href":"https:\/\/yeasunfurnace.com\/tr\/wp-json\/wp\/v2\/product"}],"about":[{"href":"https:\/\/yeasunfurnace.com\/tr\/wp-json\/wp\/v2\/types\/product"}],"replies":[{"embeddable":true,"href":"https:\/\/yeasunfurnace.com\/tr\/wp-json\/wp\/v2\/comments?post=813"}],"wp:featuredmedia":[{"embeddable":true,"href":"https:\/\/yeasunfurnace.com\/tr\/wp-json\/wp\/v2\/media\/857"}],"wp:attachment":[{"href":"https:\/\/yeasunfurnace.com\/tr\/wp-json\/wp\/v2\/media?parent=813"}],"wp:term":[{"taxonomy":"product_brand","embeddable":true,"href":"https:\/\/yeasunfurnace.com\/tr\/wp-json\/wp\/v2\/product_brand?post=813"},{"taxonomy":"product_cat","embeddable":true,"href":"https:\/\/yeasunfurnace.com\/tr\/wp-json\/wp\/v2\/product_cat?post=813"},{"taxonomy":"product_tag","embeddable":true,"href":"https:\/\/yeasunfurnace.com\/tr\/wp-json\/wp\/v2\/product_tag?post=813"}],"curies":[{"name":"wp","href":"https:\/\/api.w.org\/{rel}","templated":true}]}}