{"id":851,"date":"2025-08-07T08:24:19","date_gmt":"2025-08-07T08:24:19","guid":{"rendered":"https:\/\/yeasunfurnace.com\/?post_type=product&#038;p=851"},"modified":"2025-12-11T09:43:31","modified_gmt":"2025-12-11T09:43:31","slug":"gaz-ateslemeli-sabit-pota-firini-ys-c04","status":"publish","type":"product","link":"https:\/\/yeasunfurnace.com\/tr\/product\/gaz-ateslemeli-sabit-pota-firini-ys-c04\/","title":{"rendered":"Gaz Yak\u0131tl\u0131 Sabit Pota F\u0131r\u0131n\u0131 YS-C04"},"content":{"rendered":"<h3 data-start=\"872\" data-end=\"892\"><strong data-start=\"876\" data-end=\"892\">Temel \u00d6zellikler<\/strong><\/h3>\n<p data-start=\"894\" data-end=\"1068\">\ud83d\udd39 <strong data-start=\"897\" data-end=\"930\">Geli\u015fmi\u015f Yal\u0131t\u0131m Yap\u0131s\u0131<\/strong><br data-start=\"930\" data-end=\"933\" \/>Y\u00fcksek al\u00fcminal\u0131 refrakter tu\u011flalar ve sunta astar, nano yal\u0131t\u0131m ile birle\u015fti\u011finde \u00fcst\u00fcn \u0131s\u0131 tutma ve h\u0131zl\u0131 \u0131s\u0131tma sa\u011flar.<\/p>\n<p data-start=\"1070\" data-end=\"1232\">\ud83d\udd39 <strong data-start=\"1073\" data-end=\"1098\">Mod\u00fcler Br\u00fcl\u00f6r Tasar\u0131m\u0131<\/strong><br data-start=\"1098\" data-end=\"1101\" \/>Ayr\u0131lm\u0131\u015f yanma tertibat\u0131 br\u00fcl\u00f6r \u00f6mr\u00fcn\u00fc uzat\u0131r, kararl\u0131 yanma sa\u011flar ve \u00e7evre dostu, d\u00fc\u015f\u00fck karbonlu \u00e7al\u0131\u015fmay\u0131 destekler.<\/p>\n<p data-start=\"1234\" data-end=\"1400\">\ud83d\udd39 <strong data-start=\"1237\" data-end=\"1277\">Dahili Rejeneratif Is\u0131 E\u015fanj\u00f6r\u00fc<\/strong><br data-start=\"1277\" data-end=\"1280\" \/>Enerji verimlili\u011fini art\u0131rmak ve gaz t\u00fcketimini azaltmak i\u00e7in at\u0131k \u0131s\u0131y\u0131 geri d\u00f6n\u00fc\u015ft\u00fcr\u00fcr - br\u00fcl\u00f6r \u00f6mr\u00fcn\u00fc uzat\u0131r ve emisyonlar\u0131 en aza indirir.<\/p>\n<p data-start=\"1402\" data-end=\"1581\">\ud83d\udd39 <strong data-start=\"1405\" data-end=\"1437\">Do\u011fru S\u0131cakl\u0131k Kontrol\u00fc<\/strong><br data-start=\"1437\" data-end=\"1440\" \/>Hassas erimi\u015f al\u00fcminyum s\u0131cakl\u0131k y\u00f6netimi i\u00e7in de\u011fi\u015fken frekansl\u0131 y\u00fcksek bas\u0131n\u00e7l\u0131 \u00fcfleyici ve \u00e7ift s\u0131cakl\u0131k kontrol sistemi ile donat\u0131lm\u0131\u015ft\u0131r.<\/p>\n<p data-start=\"1583\" data-end=\"1721\">\ud83d\udd39 <strong data-start=\"1586\" data-end=\"1616\">Optimize Edilmi\u015f Yanma A\u00e7\u0131s\u0131<\/strong><br data-start=\"1616\" data-end=\"1619\" \/>Geli\u015ftirilmi\u015f br\u00fcl\u00f6r konumland\u0131rmas\u0131 \u0131s\u0131 kayb\u0131n\u0131 azalt\u0131r ve tutma b\u00f6lgesinde s\u0131cakl\u0131k homojenli\u011fini art\u0131r\u0131r.<\/p>\n<p data-start=\"1723\" data-end=\"1897\">\ud83d\udd39 <strong data-start=\"1726\" data-end=\"1754\">Geni\u015fletilmi\u015f Tutma Odas\u0131<\/strong><br data-start=\"1754\" data-end=\"1757\" \/>Artan i\u00e7 hacim, radyant \u0131s\u0131tma kapasitesini ve termal verimlili\u011fi art\u0131rarak daha d\u00fc\u015f\u00fck yak\u0131t maliyetleri ve daha az metal yan\u0131\u011f\u0131 kayb\u0131 sa\u011flar.<\/p>\n<p data-start=\"1899\" data-end=\"2042\">\ud83d\udd39 <strong data-start=\"1902\" data-end=\"1939\">\u00c7oklu Enerji Kaynaklar\u0131 Desteklenir<\/strong><br data-start=\"1939\" data-end=\"1942\" \/>\u00c7e\u015fitli m\u00fc\u015fteri gereksinimlerini kar\u015f\u0131lamak i\u00e7in do\u011fal gaz ve s\u0131v\u0131la\u015ft\u0131r\u0131lm\u0131\u015f petrol gaz\u0131 (LPG) ile uyumludur.<\/p>\n<p data-start=\"1899\" data-end=\"2042\"><strong>Enerji Tasarruflu Gazl\u0131 F\u0131r\u0131n vs Elektrikli F\u0131r\u0131n vs Geleneksel Gazl\u0131 F\u0131r\u0131n<\/strong><\/p>\n<table>\n<thead>\n<tr>\n<th>F\u0131r\u0131n Tipi<\/th>\n<th>Enerji Kayna\u011f\u0131<\/th>\n<th>Ton Al\u00fcminyum Ba\u015f\u0131na Enerji T\u00fcketimi<\/th>\n<th>Varsay\u0131lan Enerji Birim Fiyat\u0131<\/th>\n<th>Ton Al\u00fcminyum Ba\u015f\u0131na Enerji Maliyeti<\/th>\n<th>Enerji Tasarruf Oran\u0131<\/th>\n<th>Y\u0131ll\u0131k Maliyet Tasarrufu<\/th>\n<\/tr>\n<\/thead>\n<tbody>\n<tr>\n<td>Enerji Tasarruflu Gazl\u0131 F\u0131r\u0131n<\/td>\n<td>Borulu Do\u011fal Gaz \/ T\u00fcp Gaz<\/td>\n<td>70-80 m\u00b3 gaz\/ton al\u00fcminyum<\/td>\n<td>\u00a54 \/ m\u00b3<\/td>\n<td>280 Yen \/ ton<\/td>\n<td>-<\/td>\n<td>-<\/td>\n<\/tr>\n<tr>\n<td>Elektrikli Rezistans F\u0131r\u0131n\u0131<\/td>\n<td>Elektrik<\/td>\n<td>500-600 kWh \/ ton al\u00fcminyum<\/td>\n<td>\u0130ndirimli fiyat \u00a50,8 \/ kWh<\/td>\n<td>\u00a5400-480 \/ ton<\/td>\n<td>30%-40%<\/td>\n<td>\u00a580,000-100,000\/y\u0131l<\/td>\n<\/tr>\n<tr>\n<td>Geleneksel Gazl\u0131 F\u0131r\u0131n<\/td>\n<td>Borulu Do\u011fal Gaz \/ T\u00fcp Gaz<\/td>\n<td>110-120 m\u00b3 gaz\/ton al\u00fcminyum<\/td>\n<td>\u00a54 \/ m\u00b3<\/td>\n<td>440 Yen \/ ton<\/td>\n<td>30%-35%<\/td>\n<td>\u00a550,000-60,000\/y\u0131l<\/td>\n<\/tr>\n<\/tbody>\n<\/table>\n<p>&nbsp;<\/p>\n<p data-start=\"35\" data-end=\"91\"><strong>Elektrikli Al\u00fcminyum Ergitme F\u0131r\u0131n\u0131 \u00d6zellikleri<\/strong><\/p>\n<div class=\"_tableContainer_16hzy_1\">\n<div class=\"_tableWrapper_16hzy_14 group flex w-fit flex-col-reverse\" tabindex=\"-1\">\n<table class=\"w-fit min-w-(--thread-content-width)\" data-start=\"93\" data-end=\"2015\">\n<thead data-start=\"93\" data-end=\"284\">\n<tr data-start=\"93\" data-end=\"284\">\n<th data-start=\"93\" data-end=\"109\" data-col-size=\"sm\">Model<\/th>\n<th data-start=\"109\" data-end=\"132\" data-col-size=\"sm\">Erime Kapasitesi<\/th>\n<th data-start=\"132\" data-end=\"146\" data-col-size=\"sm\">G\u00fc\u00e7<\/th>\n<th data-start=\"146\" data-end=\"177\" data-col-size=\"sm\">G\u00fc\u00e7 Kablosu Yap\u0131land\u0131rmas\u0131<\/th>\n<th data-start=\"177\" data-end=\"213\" data-col-size=\"sm\">Pota Boyutu (\u00c7ap \u00d7 Y\u00fckseklik)<\/th>\n<th data-start=\"213\" data-end=\"248\" data-col-size=\"sm\">F\u0131r\u0131n Boyutu (\u00c7ap \u00d7 Y\u00fckseklik)<\/th>\n<th data-start=\"248\" data-end=\"284\" data-col-size=\"sm\">Bas\u0131n\u00e7l\u0131 D\u00f6k\u00fcm Makinesi i\u00e7in Uygun<\/th>\n<\/tr>\n<\/thead>\n<tbody data-start=\"480\" data-end=\"2015\">\n<tr data-start=\"480\" data-end=\"671\">\n<td data-start=\"480\" data-end=\"496\" data-col-size=\"sm\">YS-C04-300Kg<\/td>\n<td data-start=\"496\" data-end=\"519\" data-col-size=\"sm\">70-80 Kg\/H<\/td>\n<td data-start=\"519\" data-end=\"533\" data-col-size=\"sm\">230 Kw<\/td>\n<td data-start=\"533\" data-end=\"564\" data-col-size=\"sm\">35M\u00b3 \u00d7 3 \u00d7 5m<\/td>\n<td data-start=\"564\" data-end=\"599\" data-col-size=\"sm\">\u03a6650 \u00d7 Y650 mm<\/td>\n<td data-start=\"599\" data-end=\"634\" data-col-size=\"sm\">\u03a61400 \u00d7 H1050 mm<\/td>\n<td data-start=\"634\" data-end=\"671\" data-col-size=\"sm\">200-250T<\/td>\n<\/tr>\n<tr data-start=\"672\" data-end=\"863\">\n<td data-start=\"672\" data-end=\"688\" data-col-size=\"sm\">YS-C04-400Kg<\/td>\n<td data-start=\"688\" data-end=\"711\" data-col-size=\"sm\">100-120 Kg\/H<\/td>\n<td data-start=\"711\" data-end=\"725\" data-col-size=\"sm\">230 Kw<\/td>\n<td data-start=\"725\" data-end=\"756\" data-col-size=\"sm\">50M\u00b3 \u00d7 3 \u00d7 5m<\/td>\n<td data-start=\"756\" data-end=\"791\" data-col-size=\"sm\">\u03a6715 \u00d7 Y700 mm<\/td>\n<td data-start=\"791\" data-end=\"826\" data-col-size=\"sm\">\u03a61450 \u00d7 Y1080 mm<\/td>\n<td data-start=\"826\" data-end=\"863\" data-col-size=\"sm\">280-300T<\/td>\n<\/tr>\n<tr data-start=\"864\" data-end=\"1055\">\n<td data-start=\"864\" data-end=\"880\" data-col-size=\"sm\">YS-C04-500Kg<\/td>\n<td data-start=\"880\" data-end=\"903\" data-col-size=\"sm\">130-150 Kg\/H<\/td>\n<td data-start=\"903\" data-end=\"917\" data-col-size=\"sm\">320 Kw<\/td>\n<td data-start=\"917\" data-end=\"948\" data-col-size=\"sm\">50M\u00b3 \u00d7 3 \u00d7 5m<\/td>\n<td data-start=\"948\" data-end=\"983\" data-col-size=\"sm\">\u03a6780 \u00d7 Y750 mm<\/td>\n<td data-start=\"983\" data-end=\"1018\" data-col-size=\"sm\">\u03a61500 \u00d7 Y1150 mm<\/td>\n<td data-start=\"1018\" data-end=\"1055\" data-col-size=\"sm\">350-400T<\/td>\n<\/tr>\n<tr data-start=\"1056\" data-end=\"1247\">\n<td data-start=\"1056\" data-end=\"1072\" data-col-size=\"sm\">YS-C04-600Kg<\/td>\n<td data-start=\"1072\" data-end=\"1095\" data-col-size=\"sm\">160-180 Kg\/H<\/td>\n<td data-start=\"1095\" data-end=\"1109\" data-col-size=\"sm\">320 Kw<\/td>\n<td data-start=\"1109\" data-end=\"1140\" data-col-size=\"sm\">70M\u00b3 \u00d7 3 \u00d7 5m<\/td>\n<td data-start=\"1140\" data-end=\"1175\" data-col-size=\"sm\">\u03a6780 \u00d7 Y900 mm<\/td>\n<td data-start=\"1175\" data-end=\"1210\" data-col-size=\"sm\">\u03a61500 \u00d7 Y1300 mm<\/td>\n<td data-start=\"1210\" data-end=\"1247\" data-col-size=\"sm\">500T<\/td>\n<\/tr>\n<tr data-start=\"1248\" data-end=\"1439\">\n<td data-start=\"1248\" data-end=\"1264\" data-col-size=\"sm\">YS-C04-700Kg<\/td>\n<td data-start=\"1264\" data-end=\"1287\" data-col-size=\"sm\">200-220 Kg\/H<\/td>\n<td data-start=\"1287\" data-end=\"1301\" data-col-size=\"sm\">320 Kw<\/td>\n<td data-start=\"1301\" data-end=\"1332\" data-col-size=\"sm\">95M\u00b3 \u00d7 3 \u00d7 5m<\/td>\n<td data-start=\"1332\" data-end=\"1367\" data-col-size=\"sm\">\u03a6880 \u00d7 Y880 mm<\/td>\n<td data-start=\"1367\" data-end=\"1402\" data-col-size=\"sm\">\u03a61650 \u00d7 Y1300 mm<\/td>\n<td data-start=\"1402\" data-end=\"1439\" data-col-size=\"sm\">500-650T<\/td>\n<\/tr>\n<tr data-start=\"1440\" data-end=\"1631\">\n<td data-start=\"1440\" data-end=\"1456\" data-col-size=\"sm\">YS-C04-800Kg<\/td>\n<td data-start=\"1456\" data-end=\"1479\" data-col-size=\"sm\">230-250 Kg\/H<\/td>\n<td data-start=\"1479\" data-end=\"1493\" data-col-size=\"sm\">450 Kw<\/td>\n<td data-start=\"1493\" data-end=\"1524\" data-col-size=\"sm\">95M\u00b3 \u00d7 3 \u00d7 5m<\/td>\n<td data-start=\"1524\" data-end=\"1559\" data-col-size=\"sm\">\u03a6880 \u00d7 Y1000 mm<\/td>\n<td data-start=\"1559\" data-end=\"1594\" data-col-size=\"sm\">\u03a61650 \u00d7 Y1400 mm<\/td>\n<td data-start=\"1594\" data-end=\"1631\" data-col-size=\"sm\">800T<\/td>\n<\/tr>\n<tr data-start=\"1632\" data-end=\"1823\">\n<td data-start=\"1632\" data-end=\"1648\" data-col-size=\"sm\">YS-C04-1000Kg<\/td>\n<td data-start=\"1648\" data-end=\"1671\" data-col-size=\"sm\">280-300 Kg\/H<\/td>\n<td data-start=\"1671\" data-end=\"1685\" data-col-size=\"sm\">450 Kw<\/td>\n<td data-start=\"1685\" data-end=\"1716\" data-col-size=\"sm\">95M\u00b3 \u00d7 3 \u00d7 5m<\/td>\n<td data-start=\"1716\" data-end=\"1751\" data-col-size=\"sm\">\u03a61040 \u00d7 H830 mm<\/td>\n<td data-start=\"1751\" data-end=\"1786\" data-col-size=\"sm\">\u03a61780 \u00d7 Y1400 mm<\/td>\n<td data-start=\"1786\" data-end=\"1823\" data-col-size=\"sm\">1000T<\/td>\n<\/tr>\n<tr data-start=\"1824\" data-end=\"2015\">\n<td data-start=\"1824\" data-end=\"1840\" data-col-size=\"sm\">YS-C04-1200Kg<\/td>\n<td data-start=\"1840\" data-end=\"1863\" data-col-size=\"sm\">320-350 Kg\/H<\/td>\n<td data-start=\"1863\" data-end=\"1877\" data-col-size=\"sm\">550 Kw<\/td>\n<td data-start=\"1877\" data-end=\"1908\" data-col-size=\"sm\">120M\u00b3 \u00d7 3 \u00d7 5m<\/td>\n<td data-start=\"1908\" data-end=\"1943\" data-col-size=\"sm\">\u03a61040 \u00d7 Y1000 mm<\/td>\n<td data-start=\"1943\" data-end=\"1978\" data-col-size=\"sm\">\u03a61750 \u00d7 H1500 mm<\/td>\n<td data-start=\"1978\" data-end=\"2015\" data-col-size=\"sm\">1000-1250T<\/td>\n<\/tr>\n<\/tbody>\n<\/table>\n<\/div>\n<\/div>\n<p>&nbsp;<\/p>","protected":false},"excerpt":{"rendered":"<p data-start=\"209\" data-end=\"268\"><strong data-start=\"209\" data-end=\"268\">Verimli. G\u00fcvenilir. Bas\u0131n\u00e7l\u0131 D\u00f6k\u00fcm Hatlar\u0131 i\u00e7in \u00d6zel \u00dcretim.<\/strong><\/p>\n<p data-start=\"270\" data-end=\"544\">Enerji tasarruflu gaz potal\u0131 ergitme f\u0131r\u0131n\u0131m\u0131z, \u00f6zellikle bas\u0131n\u00e7l\u0131 d\u00f6k\u00fcm makineleri ile birlikte al\u00fcminyum ergitme uygulamalar\u0131 i\u00e7in \u00f6zel olarak tasarlanm\u0131\u015ft\u0131r. Entegre bir rejeneratif \u0131s\u0131 e\u015fanj\u00f6r\u00fc ile in\u015fa edilen bu f\u0131r\u0131n, yak\u0131t t\u00fcketimini ve i\u015fletme maliyetlerini \u00f6nemli \u00f6l\u00e7\u00fcde azaltmak i\u00e7in termal enerjiyi geri d\u00f6n\u00fc\u015ft\u00fcr\u00fcr.<\/p>\n<p data-start=\"546\" data-end=\"865\">Yakma sistemi mod\u00fclerdir ve daha uzun hizmet \u00f6mr\u00fc, istikrarl\u0131 performans ve g\u00fcvenilir \u00e7al\u0131\u015fma sa\u011flamak i\u00e7in br\u00fcl\u00f6r g\u00f6vdesinden ayr\u0131lm\u0131\u015ft\u0131r. Her f\u0131r\u0131n, \u00fcretiminizin \u00f6zel ihtiya\u00e7lar\u0131n\u0131 kar\u015f\u0131lamak \u00fczere \u00f6zel olarak tasarlanm\u0131\u015ft\u0131r ve y\u00fcksek eriyik kalitesini ve enerji verimlili\u011fini korurken al\u00fcminyum oksidasyon kayb\u0131n\u0131 azalt\u0131r.<\/p>","protected":false},"featured_media":852,"comment_status":"open","ping_status":"closed","template":"","meta":[],"product_brand":[],"product_cat":[45],"product_tag":[],"class_list":{"0":"post-851","1":"product","2":"type-product","3":"status-publish","4":"has-post-thumbnail","6":"product_cat-crucible-furnace","8":"first","9":"instock","10":"shipping-taxable","11":"product-type-simple"},"_links":{"self":[{"href":"https:\/\/yeasunfurnace.com\/tr\/wp-json\/wp\/v2\/product\/851","targetHints":{"allow":["GET"]}}],"collection":[{"href":"https:\/\/yeasunfurnace.com\/tr\/wp-json\/wp\/v2\/product"}],"about":[{"href":"https:\/\/yeasunfurnace.com\/tr\/wp-json\/wp\/v2\/types\/product"}],"replies":[{"embeddable":true,"href":"https:\/\/yeasunfurnace.com\/tr\/wp-json\/wp\/v2\/comments?post=851"}],"wp:featuredmedia":[{"embeddable":true,"href":"https:\/\/yeasunfurnace.com\/tr\/wp-json\/wp\/v2\/media\/852"}],"wp:attachment":[{"href":"https:\/\/yeasunfurnace.com\/tr\/wp-json\/wp\/v2\/media?parent=851"}],"wp:term":[{"taxonomy":"product_brand","embeddable":true,"href":"https:\/\/yeasunfurnace.com\/tr\/wp-json\/wp\/v2\/product_brand?post=851"},{"taxonomy":"product_cat","embeddable":true,"href":"https:\/\/yeasunfurnace.com\/tr\/wp-json\/wp\/v2\/product_cat?post=851"},{"taxonomy":"product_tag","embeddable":true,"href":"https:\/\/yeasunfurnace.com\/tr\/wp-json\/wp\/v2\/product_tag?post=851"}],"curies":[{"name":"wp","href":"https:\/\/api.w.org\/{rel}","templated":true}]}}